{"id":117,"date":"2020-02-26T10:59:53","date_gmt":"2020-02-26T09:59:53","guid":{"rendered":"http:\/\/tsunamiduloing.fr\/?page_id=117"},"modified":"2025-09-03T08:36:14","modified_gmt":"2025-09-03T06:36:14","slug":"documents","status":"publish","type":"page","link":"https:\/\/tsunamiduloing.fr\/?page_id=117","title":{"rendered":"Documents"},"content":{"rendered":"\n<h1 class=\"wp-block-heading\">Inscription 2025-2026<\/h1>\n\n\n\n<h2 class=\"wp-block-heading\">R\u00e8glement int\u00e9rieur<\/h2>\n\n\n\n<div data-wp-interactive=\"core\/file\" class=\"wp-block-file\"><object data-wp-bind--hidden=\"!state.hasPdfPreview\" hidden class=\"wp-block-file__embed\" data=\"http:\/\/tsunamiduloing.fr\/wp-content\/uploads\/2024\/08\/reglement_interieur.pdf\" type=\"application\/pdf\" style=\"width:100%;height:600px\" aria-label=\"Contenu embarqu\u00e9 reglement_interieur.\"><\/object><a id=\"wp-block-file--media-8f0539f9-2be0-49e1-8753-fed0c3cf26ea\" href=\"http:\/\/tsunamiduloing.fr\/wp-content\/uploads\/2024\/08\/reglement_interieur.pdf\">reglement_interieur<\/a><a href=\"http:\/\/tsunamiduloing.fr\/wp-content\/uploads\/2024\/08\/reglement_interieur.pdf\" class=\"wp-block-file__button wp-element-button\" download aria-describedby=\"wp-block-file--media-8f0539f9-2be0-49e1-8753-fed0c3cf26ea\">T\u00e9l\u00e9charger<\/a><\/div>\n\n\n\n<h2 class=\"wp-block-heading\">Demande de Licence en ligne<\/h2>\n\n\n\n<p>Explications d\u00e9taill\u00e9e pour la pr\u00e9-commande de la licence<\/p>\n\n\n\n<div data-wp-interactive=\"core\/file\" class=\"wp-block-file\"><object data-wp-bind--hidden=\"!state.hasPdfPreview\" hidden class=\"wp-block-file__embed\" data=\"http:\/\/tsunamiduloing.fr\/wp-content\/uploads\/2024\/08\/prise_licence.pdf\" type=\"application\/pdf\" style=\"width:100%;height:600px\" aria-label=\"Contenu embarqu\u00e9 prise_licence.\"><\/object><a id=\"wp-block-file--media-4057f2ae-6a4d-4634-80ce-faf6107eff2a\" href=\"http:\/\/tsunamiduloing.fr\/wp-content\/uploads\/2024\/08\/prise_licence.pdf\">prise_licence<\/a><a href=\"http:\/\/tsunamiduloing.fr\/wp-content\/uploads\/2024\/08\/prise_licence.pdf\" class=\"wp-block-file__button wp-element-button\" download aria-describedby=\"wp-block-file--media-4057f2ae-6a4d-4634-80ce-faf6107eff2a\">T\u00e9l\u00e9charger<\/a><\/div>\n\n\n\n<h2 class=\"wp-block-heading\">Exemple de certificat m\u00e9dical et attestation<\/h2>\n\n\n\n<div data-wp-interactive=\"core\/file\" class=\"wp-block-file\"><object data-wp-bind--hidden=\"!state.hasPdfPreview\" hidden class=\"wp-block-file__embed\" data=\"http:\/\/tsunamiduloing.fr\/wp-content\/uploads\/2024\/08\/modele-certificat-medical-2024-2025.pdf\" type=\"application\/pdf\" style=\"width:100%;height:600px\" aria-label=\"Contenu embarqu\u00e9 modele-certificat-medical-2024-2025.\"><\/object><a id=\"wp-block-file--media-bd57ab14-6f78-4131-874b-e7670dc2b9cd\" href=\"http:\/\/tsunamiduloing.fr\/wp-content\/uploads\/2024\/08\/modele-certificat-medical-2024-2025.pdf\">modele-certificat-medical-2024-2025<\/a><a href=\"http:\/\/tsunamiduloing.fr\/wp-content\/uploads\/2024\/08\/modele-certificat-medical-2024-2025.pdf\" class=\"wp-block-file__button wp-element-button\" download aria-describedby=\"wp-block-file--media-bd57ab14-6f78-4131-874b-e7670dc2b9cd\">T\u00e9l\u00e9charger<\/a><\/div>\n\n\n\n<h2 class=\"wp-block-heading\">Paiement de la licence en ligne<\/h2>\n\n\n\n<p><a href=\"https:\/\/www.helloasso.com\/associations\/tsunami-du-loing\/adhesions\/inscription-saison-2025-2026\">https:\/\/www.helloasso.com\/associations\/tsunami-du-loing\/adhesions\/inscription-saison-2025-2026<\/a><\/p>\n","protected":false},"excerpt":{"rendered":"<div class=\"mh-excerpt\"><p>Inscription 2025-2026 R\u00e8glement int\u00e9rieur Demande de Licence en ligne Explications d\u00e9taill\u00e9e pour la pr\u00e9-commande de la licence Exemple de certificat m\u00e9dical et attestation Paiement de <a class=\"mh-excerpt-more\" href=\"https:\/\/tsunamiduloing.fr\/?page_id=117\" title=\"Documents\">[&#8230;]<\/a><\/p>\n<\/div>","protected":false},"author":1,"featured_media":0,"parent":0,"menu_order":0,"comment_status":"closed","ping_status":"closed","template":"","meta":{"footnotes":""},"class_list":["post-117","page","type-page","status-publish","hentry"],"_links":{"self":[{"href":"https:\/\/tsunamiduloing.fr\/index.php?rest_route=\/wp\/v2\/pages\/117","targetHints":{"allow":["GET"]}}],"collection":[{"href":"https:\/\/tsunamiduloing.fr\/index.php?rest_route=\/wp\/v2\/pages"}],"about":[{"href":"https:\/\/tsunamiduloing.fr\/index.php?rest_route=\/wp\/v2\/types\/page"}],"author":[{"embeddable":true,"href":"https:\/\/tsunamiduloing.fr\/index.php?rest_route=\/wp\/v2\/users\/1"}],"replies":[{"embeddable":true,"href":"https:\/\/tsunamiduloing.fr\/index.php?rest_route=%2Fwp%2Fv2%2Fcomments&post=117"}],"version-history":[{"count":18,"href":"https:\/\/tsunamiduloing.fr\/index.php?rest_route=\/wp\/v2\/pages\/117\/revisions"}],"predecessor-version":[{"id":2760,"href":"https:\/\/tsunamiduloing.fr\/index.php?rest_route=\/wp\/v2\/pages\/117\/revisions\/2760"}],"wp:attachment":[{"href":"https:\/\/tsunamiduloing.fr\/index.php?rest_route=%2Fwp%2Fv2%2Fmedia&parent=117"}],"curies":[{"name":"wp","href":"https:\/\/api.w.org\/{rel}","templated":true}]}}