{"id":1627,"date":"2024-03-12T13:44:00","date_gmt":"2024-03-12T12:44:00","guid":{"rendered":"http:\/\/tsunamiduloing.fr\/?page_id=1627"},"modified":"2025-04-30T15:10:33","modified_gmt":"2025-04-30T13:10:33","slug":"open-du-pays-de-nemours","status":"publish","type":"page","link":"https:\/\/tsunamiduloing.fr\/?page_id=1627","title":{"rendered":"Open du Pays de Nemours"},"content":{"rendered":"\n<p>Sur le parcours cr\u00e9\u00e9 en 2022 par Bertrand Ecoutin, son fr\u00e8re Paul et R\u00e9gis Brouard, gr\u00e2ce au soutien de la communaut\u00e9 de communes du Pays de Nemours, le club de Nemours\/St-Pierre, Tsunami du Loing a pu envisager la cr\u00e9ation d&rsquo;un tournoi accessible au plus grand nombre mais tout de m\u00eame exigeant.<\/p>\n\n\n\n<div class=\"wp-block-media-text is-stacked-on-mobile\" style=\"grid-template-columns:15% auto\"><figure class=\"wp-block-media-text__media\"><img loading=\"lazy\" decoding=\"async\" width=\"685\" height=\"1024\" src=\"http:\/\/tsunamiduloing.fr\/wp-content\/uploads\/2024\/03\/logo-685x1024.png\" alt=\"\" class=\"wp-image-1635 size-full\" srcset=\"https:\/\/tsunamiduloing.fr\/wp-content\/uploads\/2024\/03\/logo-685x1024.png 685w, https:\/\/tsunamiduloing.fr\/wp-content\/uploads\/2024\/03\/logo-201x300.png 201w, https:\/\/tsunamiduloing.fr\/wp-content\/uploads\/2024\/03\/logo-768x1149.png 768w, https:\/\/tsunamiduloing.fr\/wp-content\/uploads\/2024\/03\/logo.png 1003w\" sizes=\"auto, (max-width: 685px) 100vw, 685px\" \/><\/figure><div class=\"wp-block-media-text__content\">\n<p><a href=\"https:\/\/www.pdga.com\/live\/event\/79909\">2024 &#8211; 1\u00e8re \u00e9dition<\/a><\/p>\n<\/div><\/div>\n\n\n\n<div class=\"wp-block-media-text is-stacked-on-mobile\" style=\"grid-template-columns:15% auto\"><figure class=\"wp-block-media-text__media\"><img loading=\"lazy\" decoding=\"async\" width=\"685\" height=\"1024\" src=\"https:\/\/tsunamiduloing.fr\/wp-content\/uploads\/2025\/04\/logo-685x1024.png\" alt=\"\" class=\"wp-image-2588 size-full\" srcset=\"https:\/\/tsunamiduloing.fr\/wp-content\/uploads\/2025\/04\/logo-685x1024.png 685w, https:\/\/tsunamiduloing.fr\/wp-content\/uploads\/2025\/04\/logo-201x300.png 201w, https:\/\/tsunamiduloing.fr\/wp-content\/uploads\/2025\/04\/logo-768x1149.png 768w, https:\/\/tsunamiduloing.fr\/wp-content\/uploads\/2025\/04\/logo.png 1003w\" sizes=\"auto, (max-width: 685px) 100vw, 685px\" \/><\/figure><div class=\"wp-block-media-text__content\">\n<p><a href=\"https:\/\/www.pdga.com\/live\/event\/88047\">2025 &#8211; 2\u00e8me \u00e9dition<\/a><\/p>\n<\/div><\/div>\n\n\n\n<p><\/p>\n","protected":false},"excerpt":{"rendered":"<div class=\"mh-excerpt\"><p>Sur le parcours cr\u00e9\u00e9 en 2022 par Bertrand Ecoutin, son fr\u00e8re Paul et R\u00e9gis Brouard, gr\u00e2ce au soutien de la communaut\u00e9 de communes du Pays <a class=\"mh-excerpt-more\" href=\"https:\/\/tsunamiduloing.fr\/?page_id=1627\" title=\"Open du Pays de Nemours\">[&#8230;]<\/a><\/p>\n<\/div>","protected":false},"author":1,"featured_media":0,"parent":292,"menu_order":0,"comment_status":"closed","ping_status":"closed","template":"","meta":{"footnotes":""},"class_list":["post-1627","page","type-page","status-publish","hentry"],"_links":{"self":[{"href":"https:\/\/tsunamiduloing.fr\/index.php?rest_route=\/wp\/v2\/pages\/1627","targetHints":{"allow":["GET"]}}],"collection":[{"href":"https:\/\/tsunamiduloing.fr\/index.php?rest_route=\/wp\/v2\/pages"}],"about":[{"href":"https:\/\/tsunamiduloing.fr\/index.php?rest_route=\/wp\/v2\/types\/page"}],"author":[{"embeddable":true,"href":"https:\/\/tsunamiduloing.fr\/index.php?rest_route=\/wp\/v2\/users\/1"}],"replies":[{"embeddable":true,"href":"https:\/\/tsunamiduloing.fr\/index.php?rest_route=%2Fwp%2Fv2%2Fcomments&post=1627"}],"version-history":[{"count":4,"href":"https:\/\/tsunamiduloing.fr\/index.php?rest_route=\/wp\/v2\/pages\/1627\/revisions"}],"predecessor-version":[{"id":2591,"href":"https:\/\/tsunamiduloing.fr\/index.php?rest_route=\/wp\/v2\/pages\/1627\/revisions\/2591"}],"up":[{"embeddable":true,"href":"https:\/\/tsunamiduloing.fr\/index.php?rest_route=\/wp\/v2\/pages\/292"}],"wp:attachment":[{"href":"https:\/\/tsunamiduloing.fr\/index.php?rest_route=%2Fwp%2Fv2%2Fmedia&parent=1627"}],"curies":[{"name":"wp","href":"https:\/\/api.w.org\/{rel}","templated":true}]}}