{"id":1774,"date":"2024-04-16T11:10:05","date_gmt":"2024-04-16T09:10:05","guid":{"rendered":"http:\/\/tsunamiduloing.fr\/?page_id=1774"},"modified":"2025-03-21T12:42:29","modified_gmt":"2025-03-21T11:42:29","slug":"presentation-opn-2024","status":"publish","type":"page","link":"https:\/\/tsunamiduloing.fr\/?page_id=1774","title":{"rendered":"Pr\u00e9sentation"},"content":{"rendered":"\n<p>\u00c9v\u00e8nement organis\u00e9 par le club de flying disc <strong>Tsunami du Loing<\/strong>.<\/p>\n\n\n\n<figure class=\"wp-block-image size-large\"><img loading=\"lazy\" decoding=\"async\" width=\"1024\" height=\"642\" src=\"http:\/\/tsunamiduloing.fr\/wp-content\/uploads\/2024\/04\/logo_2023-1024x642.png\" alt=\"\" class=\"wp-image-1743\" srcset=\"https:\/\/tsunamiduloing.fr\/wp-content\/uploads\/2024\/04\/logo_2023-1024x642.png 1024w, https:\/\/tsunamiduloing.fr\/wp-content\/uploads\/2024\/04\/logo_2023-300x188.png 300w, https:\/\/tsunamiduloing.fr\/wp-content\/uploads\/2024\/04\/logo_2023-768x482.png 768w, https:\/\/tsunamiduloing.fr\/wp-content\/uploads\/2024\/04\/logo_2023-1536x963.png 1536w, https:\/\/tsunamiduloing.fr\/wp-content\/uploads\/2024\/04\/logo_2023-2048x1285.png 2048w\" sizes=\"auto, (max-width: 1024px) 100vw, 1024px\" \/><\/figure>\n\n\n\n<p>Soutenu par nos <strong>institutions<\/strong><\/p>\n\n\n\n<p>la communaut\u00e9 de communes du Pays de Nemours, les villes de Nemours et St-Pierre-l\u00e8s-Nemours, le d\u00e9partement de Seine-et-Marne.<\/p>\n\n\n\n<figure class=\"wp-block-gallery has-nested-images columns-default is-cropped wp-block-gallery-1 is-layout-flex wp-block-gallery-is-layout-flex\">\n<figure class=\"wp-block-image size-large\"><img loading=\"lazy\" decoding=\"async\" width=\"493\" height=\"83\" data-id=\"1750\" src=\"http:\/\/tsunamiduloing.fr\/wp-content\/uploads\/2024\/04\/logo-d77-header.png\" alt=\"\" class=\"wp-image-1750\" srcset=\"https:\/\/tsunamiduloing.fr\/wp-content\/uploads\/2024\/04\/logo-d77-header.png 493w, https:\/\/tsunamiduloing.fr\/wp-content\/uploads\/2024\/04\/logo-d77-header-300x51.png 300w\" sizes=\"auto, (max-width: 493px) 100vw, 493px\" \/><\/figure>\n\n\n\n<figure class=\"wp-block-image size-large\"><img loading=\"lazy\" decoding=\"async\" width=\"150\" height=\"170\" data-id=\"1748\" src=\"http:\/\/tsunamiduloing.fr\/wp-content\/uploads\/2024\/04\/nemours.png\" alt=\"\" class=\"wp-image-1748\"\/><\/figure>\n\n\n\n<figure class=\"wp-block-image size-large\"><img loading=\"lazy\" decoding=\"async\" width=\"705\" height=\"1024\" data-id=\"1749\" src=\"http:\/\/tsunamiduloing.fr\/wp-content\/uploads\/2024\/04\/spln-705x1024.png\" alt=\"\" class=\"wp-image-1749\" srcset=\"https:\/\/tsunamiduloing.fr\/wp-content\/uploads\/2024\/04\/spln-705x1024.png 705w, https:\/\/tsunamiduloing.fr\/wp-content\/uploads\/2024\/04\/spln-207x300.png 207w, https:\/\/tsunamiduloing.fr\/wp-content\/uploads\/2024\/04\/spln-768x1115.png 768w, https:\/\/tsunamiduloing.fr\/wp-content\/uploads\/2024\/04\/spln.png 858w\" sizes=\"auto, (max-width: 705px) 100vw, 705px\" \/><\/figure>\n\n\n\n<figure class=\"wp-block-image size-full\"><img loading=\"lazy\" decoding=\"async\" width=\"227\" height=\"240\" data-id=\"2362\" src=\"https:\/\/tsunamiduloing.fr\/wp-content\/uploads\/2025\/02\/ccpn.png\" alt=\"\" class=\"wp-image-2362\"\/><\/figure>\n<\/figure>\n\n\n\n<p>et nos <strong>partenaires<\/strong><\/p>\n\n\n\n<figure class=\"wp-block-gallery has-nested-images columns-default is-cropped wp-block-gallery-2 is-layout-flex wp-block-gallery-is-layout-flex\">\n<figure class=\"wp-block-image size-full\"><img loading=\"lazy\" decoding=\"async\" width=\"800\" height=\"431\" data-id=\"2363\" src=\"https:\/\/tsunamiduloing.fr\/wp-content\/uploads\/2025\/02\/hole19.png\" alt=\"\" class=\"wp-image-2363\" srcset=\"https:\/\/tsunamiduloing.fr\/wp-content\/uploads\/2025\/02\/hole19.png 800w, https:\/\/tsunamiduloing.fr\/wp-content\/uploads\/2025\/02\/hole19-300x162.png 300w, https:\/\/tsunamiduloing.fr\/wp-content\/uploads\/2025\/02\/hole19-768x414.png 768w\" sizes=\"auto, (max-width: 800px) 100vw, 800px\" \/><\/figure>\n\n\n\n<figure class=\"wp-block-image size-large\"><img loading=\"lazy\" decoding=\"async\" width=\"269\" height=\"273\" data-id=\"2400\" src=\"https:\/\/tsunamiduloing.fr\/wp-content\/uploads\/2025\/02\/deslis.png\" alt=\"\" class=\"wp-image-2400\"\/><\/figure>\n\n\n\n<figure class=\"wp-block-image size-large\"><img loading=\"lazy\" decoding=\"async\" width=\"1024\" height=\"915\" data-id=\"2457\" src=\"https:\/\/tsunamiduloing.fr\/wp-content\/uploads\/2025\/03\/logo-noir-tricolore-1024x915.jpg\" alt=\"\" class=\"wp-image-2457\" srcset=\"https:\/\/tsunamiduloing.fr\/wp-content\/uploads\/2025\/03\/logo-noir-tricolore-1024x915.jpg 1024w, https:\/\/tsunamiduloing.fr\/wp-content\/uploads\/2025\/03\/logo-noir-tricolore-300x268.jpg 300w, https:\/\/tsunamiduloing.fr\/wp-content\/uploads\/2025\/03\/logo-noir-tricolore-768x686.jpg 768w, https:\/\/tsunamiduloing.fr\/wp-content\/uploads\/2025\/03\/logo-noir-tricolore-1536x1372.jpg 1536w, https:\/\/tsunamiduloing.fr\/wp-content\/uploads\/2025\/03\/logo-noir-tricolore-2048x1830.jpg 2048w\" sizes=\"auto, (max-width: 1024px) 100vw, 1024px\" \/><\/figure>\n\n\n\n<figure class=\"wp-block-image size-large\"><img loading=\"lazy\" decoding=\"async\" width=\"842\" height=\"595\" data-id=\"2464\" src=\"https:\/\/tsunamiduloing.fr\/wp-content\/uploads\/2025\/03\/LFDIDF-Vdef.png\" alt=\"\" class=\"wp-image-2464\" srcset=\"https:\/\/tsunamiduloing.fr\/wp-content\/uploads\/2025\/03\/LFDIDF-Vdef.png 842w, https:\/\/tsunamiduloing.fr\/wp-content\/uploads\/2025\/03\/LFDIDF-Vdef-300x212.png 300w, https:\/\/tsunamiduloing.fr\/wp-content\/uploads\/2025\/03\/LFDIDF-Vdef-768x543.png 768w\" sizes=\"auto, (max-width: 842px) 100vw, 842px\" \/><\/figure>\n\n\n\n<figure class=\"wp-block-image size-large\"><img loading=\"lazy\" decoding=\"async\" width=\"567\" height=\"567\" data-id=\"2466\" src=\"https:\/\/tsunamiduloing.fr\/wp-content\/uploads\/2025\/03\/cfd77.png\" alt=\"\" class=\"wp-image-2466\" srcset=\"https:\/\/tsunamiduloing.fr\/wp-content\/uploads\/2025\/03\/cfd77.png 567w, https:\/\/tsunamiduloing.fr\/wp-content\/uploads\/2025\/03\/cfd77-300x300.png 300w, https:\/\/tsunamiduloing.fr\/wp-content\/uploads\/2025\/03\/cfd77-150x150.png 150w\" sizes=\"auto, (max-width: 567px) 100vw, 567px\" \/><\/figure>\n<\/figure>\n\n\n\n<p><a href=\"https:\/\/www.hole19.fr\/\">Hole19<\/a> &#8211; Votre magasin pour l\u2019univers du disc golf<\/p>\n","protected":false},"excerpt":{"rendered":"<div class=\"mh-excerpt\"><p>\u00c9v\u00e8nement organis\u00e9 par le club de flying disc Tsunami du Loing. Soutenu par nos institutions la communaut\u00e9 de communes du Pays de Nemours, les villes <a class=\"mh-excerpt-more\" href=\"https:\/\/tsunamiduloing.fr\/?page_id=1774\" title=\"Pr\u00e9sentation\">[&#8230;]<\/a><\/p>\n<\/div>","protected":false},"author":1,"featured_media":0,"parent":1780,"menu_order":0,"comment_status":"closed","ping_status":"closed","template":"","meta":{"footnotes":""},"class_list":["post-1774","page","type-page","status-publish","hentry"],"_links":{"self":[{"href":"https:\/\/tsunamiduloing.fr\/index.php?rest_route=\/wp\/v2\/pages\/1774","targetHints":{"allow":["GET"]}}],"collection":[{"href":"https:\/\/tsunamiduloing.fr\/index.php?rest_route=\/wp\/v2\/pages"}],"about":[{"href":"https:\/\/tsunamiduloing.fr\/index.php?rest_route=\/wp\/v2\/types\/page"}],"author":[{"embeddable":true,"href":"https:\/\/tsunamiduloing.fr\/index.php?rest_route=\/wp\/v2\/users\/1"}],"replies":[{"embeddable":true,"href":"https:\/\/tsunamiduloing.fr\/index.php?rest_route=%2Fwp%2Fv2%2Fcomments&post=1774"}],"version-history":[{"count":7,"href":"https:\/\/tsunamiduloing.fr\/index.php?rest_route=\/wp\/v2\/pages\/1774\/revisions"}],"predecessor-version":[{"id":2467,"href":"https:\/\/tsunamiduloing.fr\/index.php?rest_route=\/wp\/v2\/pages\/1774\/revisions\/2467"}],"up":[{"embeddable":true,"href":"https:\/\/tsunamiduloing.fr\/index.php?rest_route=\/wp\/v2\/pages\/1780"}],"wp:attachment":[{"href":"https:\/\/tsunamiduloing.fr\/index.php?rest_route=%2Fwp%2Fv2%2Fmedia&parent=1774"}],"curies":[{"name":"wp","href":"https:\/\/api.w.org\/{rel}","templated":true}]}}