{"id":1780,"date":"2024-04-16T11:15:01","date_gmt":"2024-04-16T09:15:01","guid":{"rendered":"http:\/\/tsunamiduloing.fr\/?page_id=1780"},"modified":"2024-05-03T16:58:21","modified_gmt":"2024-05-03T14:58:21","slug":"opn-2024-2","status":"publish","type":"page","link":"https:\/\/tsunamiduloing.fr\/?page_id=1780","title":{"rendered":"OPN 2024"},"content":{"rendered":"\n<p><a href=\"http:\/\/tsunamiduloing.fr\/?page_id=1785\">Informations utiles<\/a><\/p>\n\n\n\n<p><a href=\"http:\/\/tsunamiduloing.fr\/?page_id=1774\">Pr\u00e9sentation<\/a><\/p>\n\n\n\n<p><a href=\"http:\/\/tsunamiduloing.fr\/?page_id=1629\">Livret Joueur<\/a><\/p>\n\n\n\n<p><a href=\"https:\/\/discgolfmetrix.com\/2851022\">R\u00e9sultats complets<\/a><\/p>\n\n\n\n<p><a href=\"https:\/\/www.pdga.com\/tour\/event\/79909\">R\u00e9sultats sur pdga<\/a><\/p>\n","protected":false},"excerpt":{"rendered":"<div class=\"mh-excerpt\"><p>Informations utiles Pr\u00e9sentation Livret Joueur R\u00e9sultats complets R\u00e9sultats sur pdga<\/p>\n<\/div>","protected":false},"author":1,"featured_media":0,"parent":1627,"menu_order":0,"comment_status":"closed","ping_status":"closed","template":"","meta":{"footnotes":""},"class_list":["post-1780","page","type-page","status-publish","hentry"],"_links":{"self":[{"href":"https:\/\/tsunamiduloing.fr\/index.php?rest_route=\/wp\/v2\/pages\/1780","targetHints":{"allow":["GET"]}}],"collection":[{"href":"https:\/\/tsunamiduloing.fr\/index.php?rest_route=\/wp\/v2\/pages"}],"about":[{"href":"https:\/\/tsunamiduloing.fr\/index.php?rest_route=\/wp\/v2\/types\/page"}],"author":[{"embeddable":true,"href":"https:\/\/tsunamiduloing.fr\/index.php?rest_route=\/wp\/v2\/users\/1"}],"replies":[{"embeddable":true,"href":"https:\/\/tsunamiduloing.fr\/index.php?rest_route=%2Fwp%2Fv2%2Fcomments&post=1780"}],"version-history":[{"count":3,"href":"https:\/\/tsunamiduloing.fr\/index.php?rest_route=\/wp\/v2\/pages\/1780\/revisions"}],"predecessor-version":[{"id":1838,"href":"https:\/\/tsunamiduloing.fr\/index.php?rest_route=\/wp\/v2\/pages\/1780\/revisions\/1838"}],"up":[{"embeddable":true,"href":"https:\/\/tsunamiduloing.fr\/index.php?rest_route=\/wp\/v2\/pages\/1627"}],"wp:attachment":[{"href":"https:\/\/tsunamiduloing.fr\/index.php?rest_route=%2Fwp%2Fv2%2Fmedia&parent=1780"}],"curies":[{"name":"wp","href":"https:\/\/api.w.org\/{rel}","templated":true}]}}