{"id":1785,"date":"2024-04-16T11:29:55","date_gmt":"2024-04-16T09:29:55","guid":{"rendered":"http:\/\/tsunamiduloing.fr\/?page_id=1785"},"modified":"2025-03-12T18:19:02","modified_gmt":"2025-03-12T17:19:02","slug":"infos","status":"publish","type":"page","link":"https:\/\/tsunamiduloing.fr\/?page_id=1785","title":{"rendered":"Infos"},"content":{"rendered":"\n<h2 class=\"wp-block-heading\">Lieu<\/h2>\n\n\n\n<p><a href=\"https:\/\/maps.app.goo.gl\/3vNVDqoqpEykpTVS6\">https:\/\/maps.app.goo.gl\/3vNVDqoqpEykpTVS6<\/a><\/p>\n\n\n\n<h2 class=\"wp-block-heading\">Acc\u00e8s<\/h2>\n\n\n\n<figure class=\"wp-block-image size-full\"><img loading=\"lazy\" decoding=\"async\" width=\"737\" height=\"869\" src=\"http:\/\/tsunamiduloing.fr\/wp-content\/uploads\/2024\/04\/acces.jpg\" alt=\"\" class=\"wp-image-1812\" srcset=\"https:\/\/tsunamiduloing.fr\/wp-content\/uploads\/2024\/04\/acces.jpg 737w, https:\/\/tsunamiduloing.fr\/wp-content\/uploads\/2024\/04\/acces-254x300.jpg 254w\" sizes=\"auto, (max-width: 737px) 100vw, 737px\" \/><\/figure>\n\n\n\n<h2 class=\"wp-block-heading\">H\u00e9bergements<\/h2>\n\n\n\n<p>Tarif pr\u00e9f\u00e9rentiel \u00e0 l&rsquo;hot\u00eal F1 de Nemours : contacter de notre part (Tsunami du Loing) Arnaud REMAUD au 06.58.60.78.96<\/p>\n\n\n\n<p>Sinon, vous trouverez de nombreux logements disponibles dans les environs. Liste non exhaustive d\u2019h\u00f4tels :<\/p>\n\n\n\n<p><a href=\"https:\/\/www.google.fr\/maps\/place\/H%C3%B4tel+Kyriad+Nemours\/@48.2622696,2.7228653,17z\/data=!3m1!4b1!4m5!3m4!1s0x47e5882df5f653f1:0x94ae621e76c0d062!8m2!3d48.262266!4d2.725054\" target=\"_blank\" rel=\"noreferrer noopener\"><\/a><a href=\"https:\/\/www.google.fr\/maps\/place\/H%C3%B4tel+Kyriad+Nemours\/@48.2622696,2.7228653,17z\/data=!3m1!4b1!4m5!3m4!1s0x47e5882df5f653f1:0x94ae621e76c0d062!8m2!3d48.262266!4d2.725054\" target=\"_blank\" rel=\"noreferrer noopener\">Kyriad<\/a><br>Autoroute du Soleil, 77140 Nemours<br>08 91 70 53 40<br><a href=\"http:\/\/g.co\/maps\/vb3u5\" target=\"_blank\" rel=\"noreferrer noopener\">Premi\u00e8re Classe<\/a><br>place des moines<br>01 64 78 06 32<br><a href=\"https:\/\/goo.gl\/maps\/ZVrPfppg6192\" target=\"_blank\" rel=\"noreferrer noopener\">La villa des sources<\/a><br>22 rue Hoche, 77460 Souppes-sur-Loing<br>01 64 78 50 35<br><a href=\"https:\/\/goo.gl\/maps\/HdGN6dnYDFRJTfVV7\" target=\"_blank\" rel=\"noreferrer noopener\">Maison Familiale Rurale<\/a><br>72 Avenue du Mar\u00e9chal Leclerc, 77460 Souppes-sur-Loing<br>01 60 55 50 30<\/p>\n\n\n\n<p>Vous pouvez \u00e9galement trouver des airbnb<\/p>\n\n\n\n<h2 class=\"wp-block-heading\">Repas<\/h2>\n\n\n\n<p>Nous vous proposons un panier repas \u00e0 8\u20ac \u00e0 commander \u00e9galement sur hello asso. (Croques ou Sandwich + Salade + boisson + gateau + fruit + th\u00e9 ou caf\u00e9)<\/p>\n\n\n\n<p><a href=\"https:\/\/www.helloasso.com\/associations\/tsunami-du-loing\/evenements\/open-du-pays-de-nemours-2025\">https:\/\/www.helloasso.com\/associations\/tsunami-du-loing\/evenements\/open-du-pays-de-nemours-2025<\/a><\/p>\n\n\n\n<p>Il y aura \u00e9galement une buvette ouverte tout au long de la comp\u00e9tition. Paiement par CB autoris\u00e9.<\/p>\n\n\n\n<h3 class=\"wp-block-heading\"><em>Tarifs<\/em> buvette<\/h3>\n\n\n\n<p>GAUFRES Les deux&#8230;&#8230;&#8230;&#8230;&#8230;&#8230;&#8230;&#8230;. 2,5 \u20ac<\/p>\n\n\n\n<p>BARRE CHOCOLAT&#8230;&#8230;&#8230;&#8230;&#8230;&#8230;&#8230;&#8230;.. 1 \u20ac<\/p>\n\n\n\n<p>FRUIT&#8230;&#8230;&#8230;&#8230;&#8230;&#8230;&#8230;&#8230;&#8230;&#8230;&#8230;&#8230;&#8230;&#8230;&#8230;&#8230;. 0,5 \u20ac<\/p>\n\n\n\n<p>CANETTE&#8230;&#8230;&#8230;&#8230;&#8230;&#8230;&#8230;&#8230;&#8230;&#8230;&#8230;&#8230;&#8230;&#8230;. 1,5 \u20ac<\/p>\n\n\n\n<p>TH\u00c9 \/ CAF\u00c9&#8230;&#8230;&#8230;&#8230;&#8230;&#8230;&#8230;&#8230;&#8230;&#8230;&#8230;&#8230;&#8230; 0,5 \u20ac<\/p>\n\n\n\n<p>CAUTION ECOCUP&#8230;&#8230;&#8230;&#8230;&#8230;&#8230;&#8230;&#8230;.. 1 \u20ac<\/p>\n\n\n\n<p>Nous acceptons la carte bleue.<\/p>\n\n\n\n<figure class=\"wp-block-image size-full is-resized\"><img loading=\"lazy\" decoding=\"async\" width=\"236\" height=\"116\" src=\"http:\/\/tsunamiduloing.fr\/wp-content\/uploads\/2024\/04\/image.png\" alt=\"\" class=\"wp-image-1786\" style=\"width:279px;height:auto\"\/><\/figure>\n\n\n\n<p><\/p>\n","protected":false},"excerpt":{"rendered":"<div class=\"mh-excerpt\"><p>Lieu https:\/\/maps.app.goo.gl\/3vNVDqoqpEykpTVS6 Acc\u00e8s H\u00e9bergements Tarif pr\u00e9f\u00e9rentiel \u00e0 l&rsquo;hot\u00eal F1 de Nemours : contacter de notre part (Tsunami du Loing) Arnaud REMAUD au 06.58.60.78.96 Sinon, vous <a class=\"mh-excerpt-more\" href=\"https:\/\/tsunamiduloing.fr\/?page_id=1785\" title=\"Infos\">[&#8230;]<\/a><\/p>\n<\/div>","protected":false},"author":1,"featured_media":0,"parent":1780,"menu_order":0,"comment_status":"closed","ping_status":"closed","template":"","meta":{"footnotes":""},"class_list":["post-1785","page","type-page","status-publish","hentry"],"_links":{"self":[{"href":"https:\/\/tsunamiduloing.fr\/index.php?rest_route=\/wp\/v2\/pages\/1785","targetHints":{"allow":["GET"]}}],"collection":[{"href":"https:\/\/tsunamiduloing.fr\/index.php?rest_route=\/wp\/v2\/pages"}],"about":[{"href":"https:\/\/tsunamiduloing.fr\/index.php?rest_route=\/wp\/v2\/types\/page"}],"author":[{"embeddable":true,"href":"https:\/\/tsunamiduloing.fr\/index.php?rest_route=\/wp\/v2\/users\/1"}],"replies":[{"embeddable":true,"href":"https:\/\/tsunamiduloing.fr\/index.php?rest_route=%2Fwp%2Fv2%2Fcomments&post=1785"}],"version-history":[{"count":6,"href":"https:\/\/tsunamiduloing.fr\/index.php?rest_route=\/wp\/v2\/pages\/1785\/revisions"}],"predecessor-version":[{"id":2456,"href":"https:\/\/tsunamiduloing.fr\/index.php?rest_route=\/wp\/v2\/pages\/1785\/revisions\/2456"}],"up":[{"embeddable":true,"href":"https:\/\/tsunamiduloing.fr\/index.php?rest_route=\/wp\/v2\/pages\/1780"}],"wp:attachment":[{"href":"https:\/\/tsunamiduloing.fr\/index.php?rest_route=%2Fwp%2Fv2%2Fmedia&parent=1785"}],"curies":[{"name":"wp","href":"https:\/\/api.w.org\/{rel}","templated":true}]}}