{"id":191,"date":"2020-03-02T16:08:21","date_gmt":"2020-03-02T15:08:21","guid":{"rendered":"http:\/\/tsunamiduloing.fr\/?page_id=191"},"modified":"2022-06-24T10:04:10","modified_gmt":"2022-06-24T08:04:10","slug":"resultats","status":"publish","type":"page","link":"https:\/\/tsunamiduloing.fr\/?page_id=191","title":{"rendered":"Ultimate"},"content":{"rendered":"\n<p>Discipline historique de l&rsquo;association, l&rsquo;activit\u00e9 est enti\u00e8rement encadr\u00e9e par des b\u00e9n\u00e9voles tant pour les aldutes que pour les enfants. plus de renseignements sur la page des entra\u00eenements ou de contact.<\/p>\n\n\n\n<h2 class=\"wp-block-heading\"><strong>R\u00e9sultats<\/strong><\/h2>\n\n\n\n<p><a href=\"http:\/\/tsunamiduloing.fr\/?page_id=84\">Indoor<\/a><\/p>\n\n\n\n<p><a href=\"http:\/\/tsunamiduloing.fr\/?page_id=54\">Outdoor<\/a><\/p>\n\n\n\n<p><a href=\"http:\/\/tsunamiduloing.fr\/?page_id=122\">Beach<\/a><\/p>\n\n\n\n<p><\/p>\n","protected":false},"excerpt":{"rendered":"<div class=\"mh-excerpt\"><p>Discipline historique de l&rsquo;association, l&rsquo;activit\u00e9 est enti\u00e8rement encadr\u00e9e par des b\u00e9n\u00e9voles tant pour les aldutes que pour les enfants. plus de renseignements sur la page <a class=\"mh-excerpt-more\" href=\"https:\/\/tsunamiduloing.fr\/?page_id=191\" title=\"Ultimate\">[&#8230;]<\/a><\/p>\n<\/div>","protected":false},"author":1,"featured_media":0,"parent":0,"menu_order":0,"comment_status":"closed","ping_status":"closed","template":"","meta":{"footnotes":""},"class_list":["post-191","page","type-page","status-publish","hentry"],"_links":{"self":[{"href":"https:\/\/tsunamiduloing.fr\/index.php?rest_route=\/wp\/v2\/pages\/191","targetHints":{"allow":["GET"]}}],"collection":[{"href":"https:\/\/tsunamiduloing.fr\/index.php?rest_route=\/wp\/v2\/pages"}],"about":[{"href":"https:\/\/tsunamiduloing.fr\/index.php?rest_route=\/wp\/v2\/types\/page"}],"author":[{"embeddable":true,"href":"https:\/\/tsunamiduloing.fr\/index.php?rest_route=\/wp\/v2\/users\/1"}],"replies":[{"embeddable":true,"href":"https:\/\/tsunamiduloing.fr\/index.php?rest_route=%2Fwp%2Fv2%2Fcomments&post=191"}],"version-history":[{"count":3,"href":"https:\/\/tsunamiduloing.fr\/index.php?rest_route=\/wp\/v2\/pages\/191\/revisions"}],"predecessor-version":[{"id":645,"href":"https:\/\/tsunamiduloing.fr\/index.php?rest_route=\/wp\/v2\/pages\/191\/revisions\/645"}],"wp:attachment":[{"href":"https:\/\/tsunamiduloing.fr\/index.php?rest_route=%2Fwp%2Fv2%2Fmedia&parent=191"}],"curies":[{"name":"wp","href":"https:\/\/api.w.org\/{rel}","templated":true}]}}