{"id":292,"date":"2020-10-14T15:20:43","date_gmt":"2020-10-14T13:20:43","guid":{"rendered":"http:\/\/tsunamiduloing.fr\/?page_id=292"},"modified":"2025-05-05T15:00:02","modified_gmt":"2025-05-05T13:00:02","slug":"disc-golf","status":"publish","type":"page","link":"https:\/\/tsunamiduloing.fr\/?page_id=292","title":{"rendered":"Disc Golf"},"content":{"rendered":"\n<p>Renseignements : dg@tsunamiduloing.fr<\/p>\n\n\n\n<p>Notre partenaire <a href=\"http:\/\/www.hole19.fr\">Hole19 <\/a>soutient notre d\u00e9veloppement tout au long de l&rsquo;ann\u00e9e.<\/p>\n\n\n\n<h2 class=\"wp-block-heading\">Entra\u00eenement hebdomadaire<\/h2>\n\n\n\n<p>Retrouvez nous tous les samedis de 10h \u00e0 12h sur notre parcours \u00e0 St-Pierre-l\u00e8s-Nemours : <\/p>\n\n\n\n<p><a href=\"https:\/\/goo.gl\/maps\/JLQcswMqaRDfrhtE9\" target=\"_blank\" rel=\"noreferrer noopener\">https:\/\/goo.gl\/maps\/JLQcswMqaRDfrhtE9<\/a><\/p>\n\n\n\n\n\n<p><\/p>\n\n\n\n<h2 class=\"wp-block-heading\">Parcours Fixes autour de Nemours<\/h2>\n\n\n\n<p>Base de Loisir de Bois-le-Roi (9 paniers)<\/p>\n\n\n\n<p>Base de Loisir de Buthiers (8 paniers)<\/p>\n","protected":false},"excerpt":{"rendered":"<div class=\"mh-excerpt\"><p>Renseignements : dg@tsunamiduloing.fr Notre partenaire Hole19 soutient notre d\u00e9veloppement tout au long de l&rsquo;ann\u00e9e. Entra\u00eenement hebdomadaire Retrouvez nous tous les samedis de 10h \u00e0 12h <a class=\"mh-excerpt-more\" href=\"https:\/\/tsunamiduloing.fr\/?page_id=292\" title=\"Disc Golf\">[&#8230;]<\/a><\/p>\n<\/div>","protected":false},"author":1,"featured_media":0,"parent":0,"menu_order":0,"comment_status":"open","ping_status":"closed","template":"","meta":{"footnotes":""},"class_list":["post-292","page","type-page","status-publish","hentry"],"_links":{"self":[{"href":"https:\/\/tsunamiduloing.fr\/index.php?rest_route=\/wp\/v2\/pages\/292","targetHints":{"allow":["GET"]}}],"collection":[{"href":"https:\/\/tsunamiduloing.fr\/index.php?rest_route=\/wp\/v2\/pages"}],"about":[{"href":"https:\/\/tsunamiduloing.fr\/index.php?rest_route=\/wp\/v2\/types\/page"}],"author":[{"embeddable":true,"href":"https:\/\/tsunamiduloing.fr\/index.php?rest_route=\/wp\/v2\/users\/1"}],"replies":[{"embeddable":true,"href":"https:\/\/tsunamiduloing.fr\/index.php?rest_route=%2Fwp%2Fv2%2Fcomments&post=292"}],"version-history":[{"count":14,"href":"https:\/\/tsunamiduloing.fr\/index.php?rest_route=\/wp\/v2\/pages\/292\/revisions"}],"predecessor-version":[{"id":2610,"href":"https:\/\/tsunamiduloing.fr\/index.php?rest_route=\/wp\/v2\/pages\/292\/revisions\/2610"}],"wp:attachment":[{"href":"https:\/\/tsunamiduloing.fr\/index.php?rest_route=%2Fwp%2Fv2%2Fmedia&parent=292"}],"curies":[{"name":"wp","href":"https:\/\/api.w.org\/{rel}","templated":true}]}}