{"id":385,"date":"2021-11-08T17:51:45","date_gmt":"2021-11-08T16:51:45","guid":{"rendered":"http:\/\/tsunamiduloing.fr\/?page_id=385"},"modified":"2022-10-24T15:19:35","modified_gmt":"2022-10-24T13:19:35","slug":"open-grand-parquet","status":"publish","type":"page","link":"https:\/\/tsunamiduloing.fr\/?page_id=385","title":{"rendered":"Open Grand Parquet 2021"},"content":{"rendered":"\n<div class=\"wp-block-media-text alignwide is-stacked-on-mobile\" style=\"grid-template-columns:48% auto\"><figure class=\"wp-block-media-text__media\"><img loading=\"lazy\" decoding=\"async\" width=\"827\" height=\"768\" src=\"http:\/\/tsunamiduloing.fr\/wp-content\/uploads\/2021\/11\/logo-1.png\" alt=\"\" class=\"wp-image-499 size-full\" srcset=\"https:\/\/tsunamiduloing.fr\/wp-content\/uploads\/2021\/11\/logo-1.png 827w, https:\/\/tsunamiduloing.fr\/wp-content\/uploads\/2021\/11\/logo-1-300x279.png 300w, https:\/\/tsunamiduloing.fr\/wp-content\/uploads\/2021\/11\/logo-1-768x713.png 768w\" sizes=\"auto, (max-width: 827px) 100vw, 827px\" \/><\/figure><div class=\"wp-block-media-text__content\">\n<p class=\"has-large-font-size\"><strong>Dimanche 28 novembre 2021<\/strong><\/p>\n\n\n\n<p>Pour commencer les deux particularit\u00e9s de notre parcours:<\/p>\n\n\n\n<p>Il y aura sur les 18 corbeilles 2 qui seront en tissu. Le putt sera probablement frustrant mais pour mettre tout le monde d&rsquo;accord<strong> <\/strong>il faut que le disque <strong>reste dans la corbeille, <\/strong>pas de point accord\u00e9 s\u2019il passe \u00e0 travers (alors qu\u2019il serait probablement rest\u00e9 dedans avec un vrai panier).<\/p>\n\n\n\n<p>Il n&rsquo;y aura pas de cat\u00e9gorie d&rsquo;\u00e2ge, de sexe, &#8230; Tout le monde se bat contre tout le monde.<\/p>\n<\/div><\/div>\n\n\n\n<p><strong>Adresse du tournoi<\/strong> : Intersection entre la Route d\u2019Orl\u00e9ans (D152) et la route de M\u00e9dicis<\/p>\n\n\n\n<p><a href=\"https:\/\/www.google.fr\/maps\/place\/48%C2%B023'11.9%22N+2%C2%B040'00.0%22E\/@48.3867718,2.6666951,189m\/data=!3m1!1e3!4m9!1m2!2m1!1sRte+de+M%C3%A9dicis,+77300+Fontainebleau!3m5!1s0x0:0x0!7e2!8m2!3d48.3866479!4d2.666671\">Plaine de Mont Morillon<\/a><\/p>\n\n\n\n<p><strong>Adresse du Parking<\/strong> : Le Parking du stade \u00e9questre du Grand Parquet. Situ\u00e9 \u00e0 300m au nord-est de la plaine Mont Morillon, le long de la D152.<\/p>\n\n\n\n<p><a href=\"https:\/\/www.google.fr\/maps\/place\/48%C2%B023'27.0%22N+2%C2%B040'29.1%22E\/@48.3908373,2.6739392,378m\/data=!3m2!1e3!4b1!4m9!1m2!2m1!1sRte+de+M%C3%A9dicis,+77300+Fontainebleau!3m5!1s0x0:0x0!7e2!8m2!3d48.3908359!4d2.6747589\">Parking du Grand Parquet<\/a><\/p>\n\n\n\n<p>C\u2019est un tournoi <strong>PDGA C-Tier organis\u00e9 par Tsunami du Loing (<a href=\"http:\/\/www.tsunamiduloing.fr\">http:\/\/www.tsunamiduloing.fr<\/a>)<\/strong><\/p>\n\n\n\n<p>Nous pouvons accueillir jusqu&rsquo;\u00e0 <strong>72 participants<\/strong>. L\u2019inscription sera valid\u00e9e une fois le paiement effectu\u00e9. Le tournoi sera compos\u00e9 de <strong>2 manches de 18 trous<\/strong>. C\u2019est le premier tournoi sur ce parcours temporaire. Certaines corbeilles seront peut-\u00eatre en tissu.<\/p>\n\n\n\n<p>Les inscriptions au tournoi se font sur Disc Golf Metrix. <a href=\"https:\/\/discgolfmetrix.com\/?u=competitions_all&amp;view=&amp;competition_name=&amp;period=&amp;date1=2021-11-28&amp;date2=2021-11-28&amp;my_country=&amp;registration_open=&amp;registration_date1=&amp;registration_date2=&amp;country_code=FR&amp;my_club=&amp;club_type=&amp;club_id=&amp;association_id=0&amp;close_to_me=&amp;area=&amp;city=&amp;course_id=&amp;type=&amp;division=&amp;my=&amp;view=&amp;sort_name=&amp;sort_order=&amp;my_all=\">discgolfmetrix.com\/GrandParquet<\/a><\/p>\n\n\n\n<p>La comp\u00e9tition est ouverte \u00e0 toute personne poss\u00e9dant une licence comp\u00e9tition Disc Golf FFFD.<\/p>\n\n\n\n<p><strong>Frais d\u2019inscriptions au tournoi :<\/strong><\/p>\n\n\n\n<ul class=\"wp-block-list\"><li>Licenci\u00e9 Disc Golf PDGA <strong>: 7 \u20ac<\/strong><\/li><\/ul>\n\n\n\n<ul class=\"wp-block-list\"><li>Temporaire : 5,50\u20ac (dont 0,50\u20ac d&rsquo;assurance) \u00e0 ajouter aux frais d\u2019inscription<br><strong>soit 12.5 \u20ac<\/strong><\/li><\/ul>\n\n\n\n<ul class=\"wp-block-list\"><li>Participation facultative au 2 CTP et \u00e0 l&rsquo;ACE <strong>: 3\u20ac<\/strong><\/li><\/ul>\n\n\n\n<ul class=\"wp-block-list\"><li>Soit un total de <strong>10\u20ac ou 15.50\u20ac<\/strong><\/li><\/ul>\n\n\n\n<p>Paiement :<\/p>\n\n\n\n<p>virement, sur place liquide ou CB ou en ligne <a href=\"https:\/\/www.helloasso.com\/associations\/tsunami-du-loing\/evenements\/open-du-grand-parquet\" target=\"_blank\" rel=\"noreferrer noopener\">https:\/\/www.helloasso.com\/associations\/tsunami-du-loing\/evenements\/open-du-grand-parquet<\/a><\/p>\n\n\n\n<p><strong>Phase d\u2019inscription :<\/strong><\/p>\n\n\n\n<p>Il n\u2019y aura pas de phase d\u2019inscription. Les premiers inscrits ET qui auront r\u00e9gl\u00e9 le paiement seront prioritaires en cas de d\u00e9passement du nombre maximum de joueurs (72 pour rappel).<\/p>\n\n\n\n<p>Possibilit\u00e9 de r\u00e9gler en liquide ou CB sur place avant le d\u00e9but de la premi\u00e8re ronde.<\/p>\n\n\n\n<p><strong><u>PROGRAMME PREVISIONNEL<\/u><\/strong><\/p>\n\n\n\n<p><strong>Samedi 27 novembre<\/strong><\/p>\n\n\n\n<p>10h00 \u2013 D\u00e9but de l\u2019installation du parcours temporaire.<\/p>\n\n\n\n<p>14h00 \u2013 Ouverture du QG pour enregistrement<\/p>\n\n\n\n<p>14h00 \u2013 Ouverture du Parcours pour reconnaissance<\/p>\n\n\n\n<p>18h00 \u2013 Fermeture du QG<\/p>\n\n\n\n<p><strong>Dimanche 28 novembre<\/strong><\/p>\n\n\n\n<p>7h30 &#8211; Ouverture du QG, derniers enregistrements<\/p>\n\n\n\n<p>8h00 &#8211; Meeting et distribution des cartes de scores<\/p>\n\n\n\n<p>8h30 &#8211; D\u00e9part Ronde 1<\/p>\n\n\n\n<p>12h00 &#8211; Pause d\u00e9jeuner<\/p>\n\n\n\n<p>13h00 &#8211; D\u00e9part Ronde 2<\/p>\n\n\n\n<p><strong>Remise des prix au QG \u00e0 la fin de la derni\u00e8re manche. Les 3 sur le podium se verront remettre une r\u00e9compense.<\/strong><\/p>\n\n\n\n<p><a href=\"https:\/\/www.pdga.com\/tour\/event\/54738\">https:\/\/www.pdga.com\/tour\/event\/54738<\/a><\/p>\n\n\n\n<p><strong>Crise sanitaire :<\/strong><\/p>\n\n\n\n<p>Le pass-sanitaire sera malheureusement demand\u00e9. Pri\u00e8re de venir avec un pass valide !<\/p>\n\n\n\n<p><strong>LE PARCOURS<\/strong><\/p>\n\n\n\n<p>L<strong>es scores<\/strong><\/p>\n\n\n\n<p>Les scores seront \u00e0 noter sur Metrix <strong>et <\/strong>sur papier que nous fournirons au groupe au d\u00e9but de chaque ronde. Par tradition, une personne est d\u00e9sign\u00e9e pour rentrer les scores sur Metrix alors que les autres membres du groupe se partage la notation sur papier \u00e9quitablement suivant le nombre de trou.<\/p>\n\n\n\n<p>En cas de litige entre Metrix et papier, ce sera la version papier qui fera foi.<\/p>\n\n\n\n<p><strong>Remarques<\/strong><\/p>\n\n\n\n<p>Trou 4 : Avoir un spotter pour \u00e9viter de tirer sur les joueurs au d\u00e9part du trou 5.<\/p>\n\n\n\n<p>Trou 6 : Avoir un spotter pour bien rep\u00e9rer la chute du disc dans le bush.<\/p>\n\n\n\n<p>Trou 11 : Attention la corbeille du 11 se situe proche du d\u00e9part du 12, s\u2019assurer que personne ne soit dans la ligne de tir.<\/p>\n\n\n\n<p>Trou 13 : Attention la corbeille du 13 se situe proche du d\u00e9part du 14, s\u2019assurer que personne ne soit dans la ligne de tir.<\/p>\n\n\n\n<p>Trous 14 et 15 : Attention les fairways sont proches malgr\u00e9 les mandatory du 15 (pas d \u2018OB pour d\u00e9limiter), laisser finir le groupe sur le 15 finir en priorit\u00e9.<\/p>\n\n\n\n<p>Trou 18 : Pour retourner au trou 1, il faut passer entre les fairways du 16 et du 17, s \u2018assurer de ne g\u00eaner personne.<\/p>\n\n\n\n<p>Les distances du tableau sont approximatives.<\/p>\n\n\n\n<figure class=\"wp-block-table\"><table><tbody><tr><td>Trou<\/td><td>1<\/td><td>2<\/td><td>3<\/td><td>4<\/td><td>5<\/td><td>6<\/td><td>7<\/td><td>8<\/td><td>9<\/td><\/tr><tr><td>Par<\/td><td>3<\/td><td>3<\/td><td>3<\/td><td>3<\/td><td>3<\/td><td>3<\/td><td>3<\/td><td>3<\/td><td>3<\/td><\/tr><tr><td>Dist.<\/td><td>73<\/td><td>125<\/td><td>105<\/td><td>82<\/td><td>90<\/td><td>83<\/td><td>78<\/td><td>84<\/td><td>88<\/td><\/tr><tr><td>&nbsp;<\/td><\/tr><tr><td>Trou<\/td><td>10<\/td><td>11<\/td><td>12<\/td><td>13<\/td><td>14<\/td><td>15<\/td><td>16<\/td><td>17<\/td><td>18<\/td><\/tr><tr><td>Par<\/td><td>3<\/td><td>4<\/td><td>3<\/td><td>3<\/td><td>3<\/td><td>4<\/td><td>3<\/td><td>3<\/td><td>3<\/td><\/tr><tr><td>Dist.<\/td><td>100<\/td><td>120<\/td><td>103<\/td><td>96<\/td><td>71<\/td><td>125<\/td><td>93<\/td><td>83<\/td><td>63<\/td><\/tr><tr><td>&nbsp;<\/td><\/tr><tr><td><strong>Total<\/strong><\/td><\/tr><tr><td><strong>Par<\/strong><\/td><td><strong>56<\/strong><\/td><\/tr><tr><td><strong>Dist<\/strong><\/td><td>1662<\/td><\/tr><\/tbody><\/table><\/figure>\n\n\n\n<div class=\"wp-block-columns is-layout-flex wp-container-core-columns-is-layout-9d6595d7 wp-block-columns-is-layout-flex\">\n<div class=\"wp-block-column is-layout-flow wp-block-column-is-layout-flow\" style=\"flex-basis:100%\">\n<figure class=\"wp-block-gallery has-nested-images columns-default is-cropped wp-block-gallery-1 is-layout-flex wp-block-gallery-is-layout-flex\">\n<figure class=\"wp-block-image size-large\"><img loading=\"lazy\" decoding=\"async\" width=\"595\" height=\"842\" data-id=\"501\" src=\"http:\/\/tsunamiduloing.fr\/wp-content\/uploads\/2021\/11\/trou_01-2.png\" alt=\"\" class=\"wp-image-501\" srcset=\"https:\/\/tsunamiduloing.fr\/wp-content\/uploads\/2021\/11\/trou_01-2.png 595w, https:\/\/tsunamiduloing.fr\/wp-content\/uploads\/2021\/11\/trou_01-2-212x300.png 212w\" sizes=\"auto, (max-width: 595px) 100vw, 595px\" \/><\/figure>\n\n\n\n<figure class=\"wp-block-image size-large\"><img loading=\"lazy\" decoding=\"async\" width=\"595\" height=\"842\" data-id=\"462\" src=\"http:\/\/tsunamiduloing.fr\/wp-content\/uploads\/2021\/11\/trou_02-1.png\" alt=\"\" class=\"wp-image-462\" srcset=\"https:\/\/tsunamiduloing.fr\/wp-content\/uploads\/2021\/11\/trou_02-1.png 595w, https:\/\/tsunamiduloing.fr\/wp-content\/uploads\/2021\/11\/trou_02-1-212x300.png 212w\" sizes=\"auto, (max-width: 595px) 100vw, 595px\" \/><\/figure>\n\n\n\n<figure class=\"wp-block-image size-large\"><img loading=\"lazy\" decoding=\"async\" width=\"595\" height=\"842\" data-id=\"463\" src=\"http:\/\/tsunamiduloing.fr\/wp-content\/uploads\/2021\/11\/trou_03-1.png\" alt=\"\" class=\"wp-image-463\" srcset=\"https:\/\/tsunamiduloing.fr\/wp-content\/uploads\/2021\/11\/trou_03-1.png 595w, https:\/\/tsunamiduloing.fr\/wp-content\/uploads\/2021\/11\/trou_03-1-212x300.png 212w\" sizes=\"auto, (max-width: 595px) 100vw, 595px\" \/><\/figure>\n\n\n\n<figure class=\"wp-block-image size-large\"><img loading=\"lazy\" decoding=\"async\" width=\"595\" height=\"842\" data-id=\"464\" src=\"http:\/\/tsunamiduloing.fr\/wp-content\/uploads\/2021\/11\/trou_04-1.png\" alt=\"\" class=\"wp-image-464\" srcset=\"https:\/\/tsunamiduloing.fr\/wp-content\/uploads\/2021\/11\/trou_04-1.png 595w, https:\/\/tsunamiduloing.fr\/wp-content\/uploads\/2021\/11\/trou_04-1-212x300.png 212w\" sizes=\"auto, (max-width: 595px) 100vw, 595px\" \/><\/figure>\n\n\n\n<figure class=\"wp-block-image size-large\"><img loading=\"lazy\" decoding=\"async\" width=\"595\" height=\"842\" data-id=\"465\" src=\"http:\/\/tsunamiduloing.fr\/wp-content\/uploads\/2021\/11\/trou_05-1.png\" alt=\"\" class=\"wp-image-465\" srcset=\"https:\/\/tsunamiduloing.fr\/wp-content\/uploads\/2021\/11\/trou_05-1.png 595w, https:\/\/tsunamiduloing.fr\/wp-content\/uploads\/2021\/11\/trou_05-1-212x300.png 212w\" sizes=\"auto, (max-width: 595px) 100vw, 595px\" \/><\/figure>\n\n\n\n<figure class=\"wp-block-image size-large\"><img loading=\"lazy\" decoding=\"async\" width=\"595\" height=\"842\" data-id=\"466\" src=\"http:\/\/tsunamiduloing.fr\/wp-content\/uploads\/2021\/11\/trou_06-1.png\" alt=\"\" class=\"wp-image-466\" srcset=\"https:\/\/tsunamiduloing.fr\/wp-content\/uploads\/2021\/11\/trou_06-1.png 595w, https:\/\/tsunamiduloing.fr\/wp-content\/uploads\/2021\/11\/trou_06-1-212x300.png 212w\" sizes=\"auto, (max-width: 595px) 100vw, 595px\" \/><\/figure>\n\n\n\n<figure class=\"wp-block-image size-large\"><img loading=\"lazy\" decoding=\"async\" width=\"595\" height=\"842\" data-id=\"467\" src=\"http:\/\/tsunamiduloing.fr\/wp-content\/uploads\/2021\/11\/trou_07-1.png\" alt=\"\" class=\"wp-image-467\" srcset=\"https:\/\/tsunamiduloing.fr\/wp-content\/uploads\/2021\/11\/trou_07-1.png 595w, https:\/\/tsunamiduloing.fr\/wp-content\/uploads\/2021\/11\/trou_07-1-212x300.png 212w\" sizes=\"auto, (max-width: 595px) 100vw, 595px\" \/><\/figure>\n\n\n\n<figure class=\"wp-block-image size-large\"><img loading=\"lazy\" decoding=\"async\" width=\"595\" height=\"842\" data-id=\"468\" src=\"http:\/\/tsunamiduloing.fr\/wp-content\/uploads\/2021\/11\/trou_08-1.png\" alt=\"\" class=\"wp-image-468\" srcset=\"https:\/\/tsunamiduloing.fr\/wp-content\/uploads\/2021\/11\/trou_08-1.png 595w, https:\/\/tsunamiduloing.fr\/wp-content\/uploads\/2021\/11\/trou_08-1-212x300.png 212w\" sizes=\"auto, (max-width: 595px) 100vw, 595px\" \/><\/figure>\n\n\n\n<figure class=\"wp-block-image size-large\"><img loading=\"lazy\" decoding=\"async\" width=\"595\" height=\"842\" data-id=\"469\" src=\"http:\/\/tsunamiduloing.fr\/wp-content\/uploads\/2021\/11\/trou_09-2.png\" alt=\"\" class=\"wp-image-469\" srcset=\"https:\/\/tsunamiduloing.fr\/wp-content\/uploads\/2021\/11\/trou_09-2.png 595w, https:\/\/tsunamiduloing.fr\/wp-content\/uploads\/2021\/11\/trou_09-2-212x300.png 212w\" sizes=\"auto, (max-width: 595px) 100vw, 595px\" \/><\/figure>\n\n\n\n<figure class=\"wp-block-image size-large\"><img loading=\"lazy\" decoding=\"async\" width=\"595\" height=\"842\" data-id=\"470\" src=\"http:\/\/tsunamiduloing.fr\/wp-content\/uploads\/2021\/11\/trou_10-3.png\" alt=\"\" class=\"wp-image-470\" srcset=\"https:\/\/tsunamiduloing.fr\/wp-content\/uploads\/2021\/11\/trou_10-3.png 595w, https:\/\/tsunamiduloing.fr\/wp-content\/uploads\/2021\/11\/trou_10-3-212x300.png 212w\" sizes=\"auto, (max-width: 595px) 100vw, 595px\" \/><\/figure>\n\n\n\n<figure class=\"wp-block-image size-large\"><img loading=\"lazy\" decoding=\"async\" width=\"595\" height=\"842\" data-id=\"471\" src=\"http:\/\/tsunamiduloing.fr\/wp-content\/uploads\/2021\/11\/trou_11-4.png\" alt=\"\" class=\"wp-image-471\" srcset=\"https:\/\/tsunamiduloing.fr\/wp-content\/uploads\/2021\/11\/trou_11-4.png 595w, https:\/\/tsunamiduloing.fr\/wp-content\/uploads\/2021\/11\/trou_11-4-212x300.png 212w\" sizes=\"auto, (max-width: 595px) 100vw, 595px\" \/><\/figure>\n\n\n\n<figure class=\"wp-block-image size-large\"><img loading=\"lazy\" decoding=\"async\" width=\"595\" height=\"842\" data-id=\"472\" src=\"http:\/\/tsunamiduloing.fr\/wp-content\/uploads\/2021\/11\/trou_12-4.png\" alt=\"\" class=\"wp-image-472\" srcset=\"https:\/\/tsunamiduloing.fr\/wp-content\/uploads\/2021\/11\/trou_12-4.png 595w, https:\/\/tsunamiduloing.fr\/wp-content\/uploads\/2021\/11\/trou_12-4-212x300.png 212w\" sizes=\"auto, (max-width: 595px) 100vw, 595px\" \/><\/figure>\n\n\n\n<figure class=\"wp-block-image size-large\"><img loading=\"lazy\" decoding=\"async\" width=\"595\" height=\"842\" data-id=\"473\" src=\"http:\/\/tsunamiduloing.fr\/wp-content\/uploads\/2021\/11\/trou_13-4.png\" alt=\"\" class=\"wp-image-473\" srcset=\"https:\/\/tsunamiduloing.fr\/wp-content\/uploads\/2021\/11\/trou_13-4.png 595w, https:\/\/tsunamiduloing.fr\/wp-content\/uploads\/2021\/11\/trou_13-4-212x300.png 212w\" sizes=\"auto, (max-width: 595px) 100vw, 595px\" \/><\/figure>\n\n\n\n<figure class=\"wp-block-image size-large\"><img loading=\"lazy\" decoding=\"async\" width=\"595\" height=\"842\" data-id=\"474\" src=\"http:\/\/tsunamiduloing.fr\/wp-content\/uploads\/2021\/11\/trou_14-4.png\" alt=\"\" class=\"wp-image-474\" srcset=\"https:\/\/tsunamiduloing.fr\/wp-content\/uploads\/2021\/11\/trou_14-4.png 595w, https:\/\/tsunamiduloing.fr\/wp-content\/uploads\/2021\/11\/trou_14-4-212x300.png 212w\" sizes=\"auto, (max-width: 595px) 100vw, 595px\" \/><\/figure>\n\n\n\n<figure class=\"wp-block-image size-large\"><img loading=\"lazy\" decoding=\"async\" width=\"595\" height=\"842\" data-id=\"479\" src=\"http:\/\/tsunamiduloing.fr\/wp-content\/uploads\/2021\/11\/trou_15-6.png\" alt=\"\" class=\"wp-image-479\" srcset=\"https:\/\/tsunamiduloing.fr\/wp-content\/uploads\/2021\/11\/trou_15-6.png 595w, https:\/\/tsunamiduloing.fr\/wp-content\/uploads\/2021\/11\/trou_15-6-212x300.png 212w\" sizes=\"auto, (max-width: 595px) 100vw, 595px\" \/><\/figure>\n\n\n\n<figure class=\"wp-block-image size-large\"><img loading=\"lazy\" decoding=\"async\" width=\"595\" height=\"842\" data-id=\"476\" src=\"http:\/\/tsunamiduloing.fr\/wp-content\/uploads\/2021\/11\/trou_16-5.png\" alt=\"\" class=\"wp-image-476\" srcset=\"https:\/\/tsunamiduloing.fr\/wp-content\/uploads\/2021\/11\/trou_16-5.png 595w, https:\/\/tsunamiduloing.fr\/wp-content\/uploads\/2021\/11\/trou_16-5-212x300.png 212w\" sizes=\"auto, (max-width: 595px) 100vw, 595px\" \/><\/figure>\n\n\n\n<figure class=\"wp-block-image size-large\"><img loading=\"lazy\" decoding=\"async\" width=\"595\" height=\"842\" data-id=\"477\" src=\"http:\/\/tsunamiduloing.fr\/wp-content\/uploads\/2021\/11\/trou_17-5.png\" alt=\"\" class=\"wp-image-477\" srcset=\"https:\/\/tsunamiduloing.fr\/wp-content\/uploads\/2021\/11\/trou_17-5.png 595w, https:\/\/tsunamiduloing.fr\/wp-content\/uploads\/2021\/11\/trou_17-5-212x300.png 212w\" sizes=\"auto, (max-width: 595px) 100vw, 595px\" \/><\/figure>\n\n\n\n<figure class=\"wp-block-image size-large\"><img loading=\"lazy\" decoding=\"async\" width=\"595\" height=\"842\" data-id=\"478\" src=\"http:\/\/tsunamiduloing.fr\/wp-content\/uploads\/2021\/11\/trou_18-5.png\" alt=\"\" class=\"wp-image-478\" srcset=\"https:\/\/tsunamiduloing.fr\/wp-content\/uploads\/2021\/11\/trou_18-5.png 595w, https:\/\/tsunamiduloing.fr\/wp-content\/uploads\/2021\/11\/trou_18-5-212x300.png 212w\" sizes=\"auto, (max-width: 595px) 100vw, 595px\" \/><\/figure>\n<\/figure>\n<\/div>\n<\/div>\n\n\n\n<div data-wp-interactive=\"core\/file\" class=\"wp-block-file\"><object data-wp-bind--hidden=\"!state.hasPdfPreview\" hidden class=\"wp-block-file__embed\" data=\"http:\/\/tsunamiduloing.fr\/wp-content\/uploads\/2021\/11\/livret_joueur-4.pdf\" type=\"application\/pdf\" style=\"width:100%;height:600px\" aria-label=\"Contenu embarqu\u00e9 Contenu embarqu\u00e9 livret_joueur-4..\"><\/object><a id=\"wp-block-file--media-7a6d3fc1-14a3-4477-8c7e-3b1b74f04e96\" href=\"http:\/\/tsunamiduloing.fr\/wp-content\/uploads\/2021\/11\/livret_joueur-4.pdf\">livret_joueur-4<\/a><a href=\"http:\/\/tsunamiduloing.fr\/wp-content\/uploads\/2021\/11\/livret_joueur-4.pdf\" class=\"wp-block-file__button\" download aria-describedby=\"wp-block-file--media-7a6d3fc1-14a3-4477-8c7e-3b1b74f04e96\">T\u00e9l\u00e9charger<\/a><\/div>\n","protected":false},"excerpt":{"rendered":"<div class=\"mh-excerpt\"><p>Dimanche 28 novembre 2021 Pour commencer les deux particularit\u00e9s de notre parcours: Il y aura sur les 18 corbeilles 2 qui seront en tissu. Le <a class=\"mh-excerpt-more\" href=\"https:\/\/tsunamiduloing.fr\/?page_id=385\" title=\"Open Grand Parquet 2021\">[&#8230;]<\/a><\/p>\n<\/div>","protected":false},"author":1,"featured_media":431,"parent":292,"menu_order":0,"comment_status":"closed","ping_status":"closed","template":"","meta":{"footnotes":""},"class_list":["post-385","page","type-page","status-publish","has-post-thumbnail","hentry"],"_links":{"self":[{"href":"https:\/\/tsunamiduloing.fr\/index.php?rest_route=\/wp\/v2\/pages\/385","targetHints":{"allow":["GET"]}}],"collection":[{"href":"https:\/\/tsunamiduloing.fr\/index.php?rest_route=\/wp\/v2\/pages"}],"about":[{"href":"https:\/\/tsunamiduloing.fr\/index.php?rest_route=\/wp\/v2\/types\/page"}],"author":[{"embeddable":true,"href":"https:\/\/tsunamiduloing.fr\/index.php?rest_route=\/wp\/v2\/users\/1"}],"replies":[{"embeddable":true,"href":"https:\/\/tsunamiduloing.fr\/index.php?rest_route=%2Fwp%2Fv2%2Fcomments&post=385"}],"version-history":[{"count":17,"href":"https:\/\/tsunamiduloing.fr\/index.php?rest_route=\/wp\/v2\/pages\/385\/revisions"}],"predecessor-version":[{"id":773,"href":"https:\/\/tsunamiduloing.fr\/index.php?rest_route=\/wp\/v2\/pages\/385\/revisions\/773"}],"up":[{"embeddable":true,"href":"https:\/\/tsunamiduloing.fr\/index.php?rest_route=\/wp\/v2\/pages\/292"}],"wp:featuredmedia":[{"embeddable":true,"href":"https:\/\/tsunamiduloing.fr\/index.php?rest_route=\/wp\/v2\/media\/431"}],"wp:attachment":[{"href":"https:\/\/tsunamiduloing.fr\/index.php?rest_route=%2Fwp%2Fv2%2Fmedia&parent=385"}],"curies":[{"name":"wp","href":"https:\/\/api.w.org\/{rel}","templated":true}]}}