{"id":54,"date":"2020-02-21T14:25:31","date_gmt":"2020-02-21T13:25:31","guid":{"rendered":"http:\/\/tsunamiduloing.fr\/?page_id=54"},"modified":"2026-03-30T16:10:32","modified_gmt":"2026-03-30T14:10:32","slug":"resultats-outdoor","status":"publish","type":"page","link":"https:\/\/tsunamiduloing.fr\/?page_id=54","title":{"rendered":"R\u00e9sultats Outdoor"},"content":{"rendered":"\n<h2 class=\"wp-block-heading\">F\u00e9minine<\/h2>\n\n\n\n<figure class=\"wp-block-table is-style-stripes\"><table><thead><tr><th class=\"has-text-align-left\" data-align=\"left\">Saison<\/th><th class=\"has-text-align-left\" data-align=\"left\">Comp\u00e9tition<\/th><th class=\"has-text-align-left\" data-align=\"left\">R\u00e9sultat<\/th><\/tr><\/thead><tbody><tr><td class=\"has-text-align-left\" data-align=\"left\">2025-2026<\/td><td class=\"has-text-align-left\" data-align=\"left\">Coupe IdF 5vs5<\/td><td class=\"has-text-align-left\" data-align=\"left\"><strong>Vice-Championnes<\/strong><\/td><\/tr><tr><td class=\"has-text-align-left\" data-align=\"left\"><\/td><td class=\"has-text-align-left\" data-align=\"left\">Championnat<\/td><td class=\"has-text-align-left\" data-align=\"left\"><\/td><\/tr><tr><td class=\"has-text-align-left\" data-align=\"left\">2024-2025<\/td><td class=\"has-text-align-left\" data-align=\"left\">Championnat<\/td><td class=\"has-text-align-left\" data-align=\"left\">8\u00e8me de France (N1)<\/td><\/tr><tr><td class=\"has-text-align-left\" data-align=\"left\"><\/td><td class=\"has-text-align-left\" data-align=\"left\">Coupe IdF 5vs5<\/td><td class=\"has-text-align-left\" data-align=\"left\">\u00e9quipe 1 : 7\u00e8me<\/td><\/tr><tr><td class=\"has-text-align-left\" data-align=\"left\"><\/td><td class=\"has-text-align-left\" data-align=\"left\"><\/td><td class=\"has-text-align-left\" data-align=\"left\">\u00e9quipe 2 : 5\u00e8me <\/td><\/tr><tr><td class=\"has-text-align-left\" data-align=\"left\">2023-2024<\/td><td class=\"has-text-align-left\" data-align=\"left\">Championnat<\/td><td class=\"has-text-align-left\" data-align=\"left\">6\u00e8me de France N1<\/td><\/tr><tr><td class=\"has-text-align-left\" data-align=\"left\"><\/td><td class=\"has-text-align-left\" data-align=\"left\">Coupe IdF 5vs5<\/td><td class=\"has-text-align-left\" data-align=\"left\"><strong>Vice-Championnes Coupe 5vs5 Idf<\/strong><\/td><\/tr><tr><td class=\"has-text-align-left\" data-align=\"left\">2022-2023<\/td><td class=\"has-text-align-left\" data-align=\"left\">Coupe IdF 5vs5<\/td><td class=\"has-text-align-left\" data-align=\"left\"><strong>3\u00e8me\/9 et Prix du Fair-Play<\/strong> Coupe 5vs5 IdF<\/td><\/tr><tr><td class=\"has-text-align-left\" data-align=\"left\"><\/td><td class=\"has-text-align-left\" data-align=\"left\">Championnat<\/td><td class=\"has-text-align-left\" data-align=\"left\">9\u00e8me de France N1<\/td><\/tr><tr><td class=\"has-text-align-left\" data-align=\"left\">2021-2022<\/td><td class=\"has-text-align-left\" data-align=\"left\">Coupe IdF 5vs5<\/td><td class=\"has-text-align-left\" data-align=\"left\">4\u00e8me\/9 et <strong>Prix du Fair-Play<\/strong> Coupe 5vs5 IdF<\/td><\/tr><tr><td class=\"has-text-align-left\" data-align=\"left\"><\/td><td class=\"has-text-align-left\" data-align=\"left\">Championnat<\/td><td class=\"has-text-align-left\" data-align=\"left\">7\u00e8me de France N1<\/td><\/tr><tr><td class=\"has-text-align-left\" data-align=\"left\"><\/td><td class=\"has-text-align-left\" data-align=\"left\"><\/td><td class=\"has-text-align-left\" data-align=\"left\"><\/td><\/tr><\/tbody><\/table><\/figure>\n\n\n\n<h2 class=\"wp-block-heading\">Open<\/h2>\n\n\n\n<figure class=\"wp-block-table is-style-stripes\"><table><thead><tr><th class=\"has-text-align-left\" data-align=\"left\">Saison<\/th><th class=\"has-text-align-left\" data-align=\"left\">\u00c9quipe<\/th><th class=\"has-text-align-left\" data-align=\"left\">R\u00e9sultat<\/th><\/tr><\/thead><tbody><tr><td class=\"has-text-align-left\" data-align=\"left\">2025-2026<\/td><td class=\"has-text-align-left\" data-align=\"left\">1<\/td><td class=\"has-text-align-left\" data-align=\"left\"><\/td><\/tr><tr><td class=\"has-text-align-left\" data-align=\"left\"><\/td><td class=\"has-text-align-left\" data-align=\"left\">2<\/td><td class=\"has-text-align-left\" data-align=\"left\"><\/td><\/tr><tr><td class=\"has-text-align-left\" data-align=\"left\">2024-2025<\/td><td class=\"has-text-align-left\" data-align=\"left\">1<\/td><td class=\"has-text-align-left\" data-align=\"left\">8\u00e8me N1 &#8211; Maintien<\/td><\/tr><tr><td class=\"has-text-align-left\" data-align=\"left\"><\/td><td class=\"has-text-align-left\" data-align=\"left\">2<\/td><td class=\"has-text-align-left\" data-align=\"left\">5\u00e8me R\u00e9gional 1 &#8211; Maintien<\/td><\/tr><tr><td class=\"has-text-align-left\" data-align=\"left\">2023-2024<\/td><td class=\"has-text-align-left\" data-align=\"left\">1<\/td><td class=\"has-text-align-left\" data-align=\"left\">8\u00e8me de France N1<\/td><\/tr><tr><td class=\"has-text-align-left\" data-align=\"left\"><\/td><td class=\"has-text-align-left\" data-align=\"left\">2<\/td><td class=\"has-text-align-left\" data-align=\"left\">4\u00e8me R\u00e9gional<\/td><\/tr><tr><td class=\"has-text-align-left\" data-align=\"left\">2022-2023<\/td><td class=\"has-text-align-left\" data-align=\"left\">1<\/td><td class=\"has-text-align-left\" data-align=\"left\">9\u00e8me de France<\/td><\/tr><tr><td class=\"has-text-align-left\" data-align=\"left\"><\/td><td class=\"has-text-align-left\" data-align=\"left\">2<\/td><td class=\"has-text-align-left\" data-align=\"left\">5\u00e8me R\u00e9gional<\/td><\/tr><tr><td class=\"has-text-align-left\" data-align=\"left\">2021-2022<\/td><td class=\"has-text-align-left\" data-align=\"left\">1<\/td><td class=\"has-text-align-left\" data-align=\"left\">8\u00e8me de France N1<\/td><\/tr><tr><td class=\"has-text-align-left\" data-align=\"left\">2019-2020<\/td><td class=\"has-text-align-left\" data-align=\"left\">Master<\/td><td class=\"has-text-align-left\" data-align=\"left\">15\u00e8me\/16 Coupe de France Master<\/td><\/tr><tr><td class=\"has-text-align-left\" data-align=\"left\">2018-2019<\/td><td class=\"has-text-align-left\" data-align=\"left\">1<\/td><td class=\"has-text-align-left\" data-align=\"left\"><strong>Champion N2 &#8211; Mont\u00e9e en N1<\/strong><\/td><\/tr><tr><td class=\"has-text-align-left\" data-align=\"left\"><\/td><td class=\"has-text-align-left\" data-align=\"left\">2<\/td><td class=\"has-text-align-left\" data-align=\"left\">12\u00e8me\/12 R\u00e9gional<\/td><\/tr><tr><td class=\"has-text-align-left\" data-align=\"left\">2017-2018<\/td><td class=\"has-text-align-left\" data-align=\"left\">1<\/td><td class=\"has-text-align-left\" data-align=\"left\">6\u00e8me de N2<\/td><\/tr><tr><td class=\"has-text-align-left\" data-align=\"left\"><\/td><td class=\"has-text-align-left\" data-align=\"left\">2<\/td><td class=\"has-text-align-left\" data-align=\"left\">3\u00e8me DR2<\/td><\/tr><tr><td class=\"has-text-align-left\" data-align=\"left\">2016-2017<\/td><td class=\"has-text-align-left\" data-align=\"left\"><\/td><td class=\"has-text-align-left\" data-align=\"left\">7\u00e8me de N2<\/td><\/tr><tr><td class=\"has-text-align-left\" data-align=\"left\">2015-2016<\/td><td class=\"has-text-align-left\" data-align=\"left\"><\/td><td class=\"has-text-align-left\" data-align=\"left\">4\u00e8me de N2<\/td><\/tr><tr><td class=\"has-text-align-left\" data-align=\"left\">2014-2015<\/td><td class=\"has-text-align-left\" data-align=\"left\"><\/td><td class=\"has-text-align-left\" data-align=\"left\">4\u00e8me de N2<\/td><\/tr><tr><td class=\"has-text-align-left\" data-align=\"left\">2013-2014<\/td><td class=\"has-text-align-left\" data-align=\"left\"><\/td><td class=\"has-text-align-left\" data-align=\"left\">6\u00e8me de N2<\/td><\/tr><tr><td class=\"has-text-align-left\" data-align=\"left\">2012-2013<\/td><td class=\"has-text-align-left\" data-align=\"left\"><\/td><td class=\"has-text-align-left\" data-align=\"left\">5\u00e8me de N2<\/td><\/tr><tr><td class=\"has-text-align-left\" data-align=\"left\">2011-2012<\/td><td class=\"has-text-align-left\" data-align=\"left\"><\/td><td class=\"has-text-align-left\" data-align=\"left\">5\u00e8me de N2<\/td><\/tr><tr><td class=\"has-text-align-left\" data-align=\"left\"><\/td><td class=\"has-text-align-left\" data-align=\"left\">Master<\/td><td class=\"has-text-align-left\" data-align=\"left\">6\u00e8me Coupe de France Master<\/td><\/tr><tr><td class=\"has-text-align-left\" data-align=\"left\">2010-2011<\/td><td class=\"has-text-align-left\" data-align=\"left\"><\/td><td class=\"has-text-align-left\" data-align=\"left\">7\u00e8me de N2<\/td><\/tr><tr><td class=\"has-text-align-left\" data-align=\"left\">2009-2010<\/td><td class=\"has-text-align-left\" data-align=\"left\"><\/td><td class=\"has-text-align-left\" data-align=\"left\">11\u00e8me de N1 &#8211; descente en N2<\/td><\/tr><tr><td class=\"has-text-align-left\" data-align=\"left\">2008-2009<\/td><td class=\"has-text-align-left\" data-align=\"left\"><\/td><td class=\"has-text-align-left\" data-align=\"left\">4\u00e8me de N2 &#8211; mont\u00e9e en N1<\/td><\/tr><tr><td class=\"has-text-align-left\" data-align=\"left\">2007-2008<\/td><td class=\"has-text-align-left\" data-align=\"left\"><\/td><td class=\"has-text-align-left\" data-align=\"left\">4\u00e8me N2 &#8211; <strong>Esprit du Jeu<\/strong><\/td><\/tr><tr><td class=\"has-text-align-left\" data-align=\"left\">2006-2007<\/td><td class=\"has-text-align-left\" data-align=\"left\"><\/td><td class=\"has-text-align-left\" data-align=\"left\"><strong>Champion de N3 &#8211; mont\u00e9e en N2<\/strong><\/td><\/tr><tr><td class=\"has-text-align-left\" data-align=\"left\">2005-2006<\/td><td class=\"has-text-align-left\" data-align=\"left\"><\/td><td class=\"has-text-align-left\" data-align=\"left\">6\u00e8me de N3<\/td><\/tr><tr><td class=\"has-text-align-left\" data-align=\"left\">2004-2005<\/td><td class=\"has-text-align-left\" data-align=\"left\"><\/td><td class=\"has-text-align-left\" data-align=\"left\"><strong>Vice-champion de R\u00e9gional &#8211; mont\u00e9e en N3<\/strong><\/td><\/tr><\/tbody><\/table><\/figure>\n\n\n\n<h2 class=\"wp-block-heading\">Mixte<\/h2>\n\n\n\n<figure class=\"wp-block-table is-style-stripes\"><table><thead><tr><th>Saison<\/th><th>R\u00e9sultat<\/th><\/tr><\/thead><tbody><tr><td>2025-2026<\/td><td>\u00c9quipe 1<\/td><\/tr><tr><td><\/td><td>\u00c9quipe 2<\/td><\/tr><tr><td>2024-2025<\/td><td>5\u00e8me de N2 &#8211; Maintien en N2<\/td><\/tr><tr><td><\/td><td><strong>3\u00e8me de N3C &#8211; Mont\u00e9e en N2<\/strong><\/td><\/tr><tr><td>2023-2024<\/td><td>11\u00e8me de N1 &#8211; Descente en N2<\/td><\/tr><tr><td>2022-2023<\/td><td><strong>4\u00e8me de N1<\/strong><\/td><\/tr><tr><td><\/td><td><strong>Open de Touraine &#8211; Loose Mixte &#8211; Champion et Wine Race<\/strong><\/td><\/tr><tr><td>2021-2022<\/td><td><strong>5\u00e8me de N1<\/strong><\/td><\/tr><tr><td>2018-2019<\/td><td><strong>6\u00e8me de N1<\/strong><\/td><\/tr><tr><td>2017-2018<\/td><td><strong>Vice-champion de N2 &#8211; Mont\u00e9e en N1<\/strong><\/td><\/tr><tr><td>2016-2017<\/td><td>4\u00e8me de N2 &#8211; <strong>Esprit du Jeu<\/strong><\/td><\/tr><tr><td>2014-2015<\/td><td><strong>Champion de N2 &#8211; mont\u00e9e en N1<\/strong><\/td><\/tr><tr><td>2013-2014<\/td><td>5\u00e8me de N2<\/td><\/tr><tr><td>2012-2013<\/td><td>3\u00e8me de N2<\/td><\/tr><tr><td>2007-2008<\/td><td>8\u00e8me de N1 &#8211; descente<\/td><\/tr><tr><td>2006-2007<\/td><td>8\u00e8me\/14 \u00e0 la Coupe COED<\/td><\/tr><tr><td>2005-2006<\/td><td>6\u00e8me\/12 \u00e0 la Coupe COED<\/td><\/tr><tr><td>2004-2005<\/td><td><\/td><\/tr><tr><td>2003-2004<\/td><td>6\u00e8me\/8 \u00e0 la coupe COED<\/td><\/tr><tr><td>2002-2003<\/td><td>5\u00e8me\/6 \u00e0 la coupe COED<\/td><\/tr><tr><td>2001-2002<\/td><td>5\u00e8me\/5 \u00e0 la coupe COED<\/td><\/tr><\/tbody><\/table><\/figure>\n\n\n\n<h2 class=\"wp-block-heading\">Junior<\/h2>\n\n\n\n<h4 class=\"wp-block-heading\">U20<\/h4>\n\n\n\n<figure class=\"wp-block-table is-style-stripes\"><table><thead><tr><th>Saison<\/th><th>Cat\u00e9gorie<\/th><th>R\u00e9sultat<\/th><\/tr><\/thead><tbody><tr><td>2025-2026<\/td><td>Mixte<\/td><td>3\u00e8me \u00cele-de-France<\/td><\/tr><tr><td><\/td><td>Open<\/td><td>Vice-Champion de \u00cele-de-France<\/td><\/tr><tr><td><\/td><td>Open<\/td><td><strong>Champion de France<\/strong><\/td><\/tr><tr><td><\/td><td>Mixte<\/td><td><\/td><\/tr><tr><td>2024-2025<\/td><td>Mixte<\/td><td>4\u00e8me d&rsquo;\u00cele-de-France<\/td><\/tr><tr><td><\/td><td>Mixte<\/td><td><strong>Champion de France<\/strong><\/td><\/tr><tr><td>2023-2024<\/td><td>Open<\/td><td><strong>Vice-Champion de France<\/strong><\/td><\/tr><tr><td><\/td><td>Open<\/td><td><strong>Champion d&rsquo;\u00cele-de-France<\/strong><\/td><\/tr><tr><td><\/td><td>Mixte<\/td><td><strong>Champion d&rsquo;\u00cele-de-France<\/strong> (Equipe 1)<\/td><\/tr><tr><td><\/td><td><\/td><td>4\u00e8me d&rsquo;\u00cele-de-France (Equipe 2)<\/td><\/tr><tr><td>2022-2023<\/td><td>Open<\/td><td><strong>Champion d&rsquo;\u00cele-de-France Outdoor<\/strong> <\/td><\/tr><tr><td><\/td><td>Mixte<\/td><td><strong>Champion d&rsquo;\u00cele-de-France Outdoor<\/strong><\/td><\/tr><tr><td><\/td><td>Open<\/td><td><strong>Vice-Champion de France Outdoor<\/strong><\/td><\/tr><tr><td><\/td><td>Mixte<\/td><td><strong>3\u00e8me Coupe de France Outdoor<\/strong><\/td><\/tr><tr><td>2021-2022<\/td><td>Open<\/td><td>6\u00e8me Coupe de France<\/td><\/tr><tr><td><\/td><td>Mixte<\/td><td>6\u00e8me Coupe de France<\/td><\/tr><tr><td><\/td><td>Mixte<\/td><td>4\u00e8me Coupe \u00cele-de-France<\/td><\/tr><tr><td><\/td><td>Open<\/td><td>4\u00e8me Coupe \u00cele-de-France et <strong>Prix du Fair-Play<\/strong><\/td><\/tr><tr><td>2017-2018<\/td><td>Mixte<\/td><td><strong>Champion de France<\/strong><\/td><\/tr><tr><td><\/td><td>F\u00e9minine<\/td><td>6\u00e8me \u00e0 la Coupe de France<\/td><\/tr><tr><td>2016-2017<\/td><td>Open<\/td><td>3\u00e8me \u00e0 la Coupe de France<\/td><\/tr><tr><td>2015-2016<\/td><td>Open<\/td><td>6\u00e8me \u00e0 la Coupe de France<\/td><\/tr><tr><td>2014-2015<\/td><td>Open<\/td><td> 8\u00e8me \u00e0 la Coupe de France <\/td><\/tr><tr><td>2012-2013<\/td><td>Open<\/td><td> 6\u00e8me \u00e0 la Coupe de France <\/td><\/tr><\/tbody><\/table><\/figure>\n\n\n\n<h4 class=\"wp-block-heading\">U17<\/h4>\n\n\n\n<figure class=\"wp-block-table is-style-stripes\"><table><thead><tr><th>Saison<\/th><th>Cat\u00e9gorie<\/th><th>R\u00e9sultat<\/th><\/tr><\/thead><tbody><tr><td>2024-2025<\/td><td>Mixte<\/td><td><strong>Champion d&rsquo;\u00cele-de-France<\/strong><\/td><\/tr><tr><td><\/td><td>Mixte<\/td><td>9\u00e8me de France<\/td><\/tr><tr><td>2023-2024<\/td><td>Mixte<\/td><td>5\u00e8me d&rsquo;\u00cele-de-France<\/td><\/tr><tr><td>2022-2023<\/td><td>Open<\/td><td><strong>Vice-Champion d&rsquo;\u00cele-de-France Outdoor et Esprit du Jeu<\/strong><\/td><\/tr><tr><td><\/td><td>Mixte<\/td><td>3\u00e8me d&rsquo;\u00cele-de-France Outdoor et <strong>Esprit du Jeu<\/strong><\/td><\/tr><tr><td><\/td><td>Open<\/td><td><strong>Vice-Champion de France Outdoor<\/strong><\/td><\/tr><tr><td><\/td><td>Mixte<\/td><td><strong>Vice-Champion de France Outdoor<\/strong><\/td><\/tr><tr><td>2021-2022<\/td><td>Open<\/td><td><strong>Champion de France et Prix du Fair-Play<\/strong><\/td><\/tr><tr><td><\/td><td>Mixte<\/td><td><strong>Vice-Champion de France<\/strong><\/td><\/tr><tr><td><\/td><td>Mixte<\/td><td><strong>Champion d&rsquo;\u00cele-de-France<\/strong><\/td><\/tr><tr><td><\/td><td>Open<\/td><td><strong>Champion d&rsquo;\u00cele-de-France et Prix du Fair-Play<\/strong><\/td><\/tr><tr><td>2018-2019<\/td><td>Open<\/td><td><strong>Vice-champion Coupe R\u00e9gionale<\/strong><\/td><\/tr><tr><td><\/td><td>Open<\/td><td>6\u00e8me\/12 Coupe de France<\/td><\/tr><tr><td>2017-2018<\/td><td>Open<\/td><td>8\u00e8me Coupe de France<\/td><\/tr><tr><td>2016-2017<\/td><td>Mixte<\/td><td><strong>Vice-champion de France<\/strong><\/td><\/tr><tr><td>2015-2016<\/td><td>Open<\/td><td>6\u00e8me Coupe de France<\/td><\/tr><tr><td>2014-2015<\/td><td>Open<\/td><td><strong>Vice-Champion de France<\/strong><\/td><\/tr><tr><td>2013-2014<\/td><td>Open<\/td><td>4\u00e8me Coupe de France<\/td><\/tr><tr><td>2012-2013<\/td><td>Open<\/td><td> 4\u00e8me Coupe de France <\/td><\/tr><tr><td>2011-2012<\/td><td>Open<\/td><td>8\u00e8me Coupe de France<\/td><\/tr><\/tbody><\/table><\/figure>\n\n\n\n<h4 class=\"wp-block-heading\">U15<\/h4>\n\n\n\n<figure class=\"wp-block-table is-style-stripes\"><table><thead><tr><th>Saison<\/th><th class=\"has-text-align-center\" data-align=\"center\">\u00c9quipe<\/th><th>R\u00e9sultat<\/th><\/tr><\/thead><tbody><tr><td>2025-2026<\/td><td class=\"has-text-align-center\" data-align=\"center\">Mixte<\/td><td>5\u00e8me \u00cele-de-France<\/td><\/tr><tr><td><\/td><td class=\"has-text-align-center\" data-align=\"center\">Open<\/td><td><\/td><\/tr><tr><td>2024-2025<\/td><td class=\"has-text-align-center\" data-align=\"center\">Open<\/td><td>7\u00e8 de France<\/td><\/tr><tr><td>2023-2024<\/td><td class=\"has-text-align-center\" data-align=\"center\">Open<\/td><td>6\u00e8me Coupe d&rsquo;\u00cele-de-France<\/td><\/tr><tr><td>2022-2023<\/td><td class=\"has-text-align-center\" data-align=\"center\">Open<\/td><td>7\u00e8me Coupe d&rsquo;\u00cele-de-France<\/td><\/tr><tr><td>2021-2022<\/td><td class=\"has-text-align-center\" data-align=\"center\">1<\/td><td>8\u00e8me Coupe de France<\/td><\/tr><tr><td><\/td><td class=\"has-text-align-center\" data-align=\"center\">1<\/td><td><strong>3\u00e8me Coupe \u00cele-de-France<\/strong><\/td><\/tr><tr><td><\/td><td class=\"has-text-align-center\" data-align=\"center\">2<\/td><td>6\u00e8me Coupe \u00cele-de-France<\/td><\/tr><tr><td>2018-2019<\/td><td class=\"has-text-align-center\" data-align=\"center\">1<\/td><td>4\u00e8me Coupe R\u00e9gionale<\/td><\/tr><tr><td><\/td><td class=\"has-text-align-center\" data-align=\"center\"><\/td><td>6\u00e8me\/14 Coupe de France<\/td><\/tr><tr><td><\/td><td class=\"has-text-align-center\" data-align=\"center\">2<\/td><td>5\u00e8me Coupe R\u00e9gionale<\/td><\/tr><tr><td><\/td><td class=\"has-text-align-center\" data-align=\"center\"><\/td><td>12\u00e8me\/14 Coupe de France<\/td><\/tr><tr><td>2017-2018<\/td><td class=\"has-text-align-center\" data-align=\"center\"><\/td><td>10\u00e8me Coupe de France<\/td><\/tr><tr><td>2016-2017<\/td><td class=\"has-text-align-center\" data-align=\"center\"><\/td><td><strong>Vice-champion de France<\/strong><\/td><\/tr><tr><td>2015-2016<\/td><td class=\"has-text-align-center\" data-align=\"center\"><\/td><td>11\u00e8me Coupe de France<\/td><\/tr><tr><td>2013-2014<\/td><td class=\"has-text-align-center\" data-align=\"center\">U14<\/td><td>10\u00e8me Coupe de France<\/td><\/tr><tr><td>2012-2013<\/td><td class=\"has-text-align-center\" data-align=\"center\">U14<\/td><td>9\u00e8me Coupe de France<\/td><\/tr><tr><td>2011-2012<\/td><td class=\"has-text-align-center\" data-align=\"center\">U14<\/td><td><strong>Champions de France<\/strong><\/td><\/tr><\/tbody><\/table><\/figure>\n\n\n\n<h4 class=\"wp-block-heading\">U13 Open<\/h4>\n\n\n\n<figure class=\"wp-block-table is-style-stripes\"><table><thead><tr><th>Saison<\/th><th class=\"has-text-align-center\" data-align=\"center\">\u00c9quipe<\/th><th>R\u00e9sultat<\/th><\/tr><\/thead><tbody><tr><td>2023-2024<\/td><td class=\"has-text-align-center\" data-align=\"center\">Open<\/td><td>9\u00e8me de France<\/td><\/tr><tr><td><\/td><td class=\"has-text-align-center\" data-align=\"center\">Open<\/td><td><strong>Champion d&rsquo;\u00cele-de-France<\/strong><\/td><\/tr><tr><td>2022-2023<\/td><td class=\"has-text-align-center\" data-align=\"center\">Open<\/td><td><strong>Vice-Champion d&rsquo;\u00cele-de-France Outdoor et Esprit du Jeu<\/strong><\/td><\/tr><tr><td><\/td><td class=\"has-text-align-center\" data-align=\"center\">Open<\/td><td>7\u00e8me de France<\/td><\/tr><tr><td>2021-2022<\/td><td class=\"has-text-align-center\" data-align=\"center\">1<\/td><td>5\u00e8me Coupe \u00cele-de-France<\/td><\/tr><tr><td>2018-2019<\/td><td class=\"has-text-align-center\" data-align=\"center\">1<\/td><td><strong>Vice-champion Coupe R\u00e9gionale<\/strong><\/td><\/tr><tr><td><\/td><td class=\"has-text-align-center\" data-align=\"center\"><\/td><td><strong>Champion de France<\/strong><\/td><\/tr><tr><td><\/td><td class=\"has-text-align-center\" data-align=\"center\">2<\/td><td>7\u00e8me\/8 Coupe R\u00e9gionale<\/td><\/tr><tr><td><\/td><td class=\"has-text-align-center\" data-align=\"center\"><\/td><td>10\u00e8me\/14 Coupe de France<\/td><\/tr><tr><td>2017-2018<\/td><td class=\"has-text-align-center\" data-align=\"center\"><\/td><td>6\u00e8me Coupe de France<\/td><\/tr><tr><td>2016-2017<\/td><td class=\"has-text-align-center\" data-align=\"center\"><\/td><td>6\u00e8me Coupe de France <\/td><\/tr><tr><td>2015-2016<\/td><td class=\"has-text-align-center\" data-align=\"center\"><\/td><td>6\u00e8me Coupe de France<\/td><\/tr><tr><td>2014-2015<\/td><td class=\"has-text-align-center\" data-align=\"center\"><\/td><td>7\u00e8me Coupe de France<\/td><\/tr><\/tbody><\/table><\/figure>\n\n\n\n<p><\/p>\n","protected":false},"excerpt":{"rendered":"<div class=\"mh-excerpt\"><p>F\u00e9minine Saison Comp\u00e9tition R\u00e9sultat 2025-2026 Coupe IdF 5vs5 Vice-Championnes Championnat 2024-2025 Championnat 8\u00e8me de France (N1) Coupe IdF 5vs5 \u00e9quipe 1 : 7\u00e8me \u00e9quipe 2 <a class=\"mh-excerpt-more\" href=\"https:\/\/tsunamiduloing.fr\/?page_id=54\" title=\"R\u00e9sultats Outdoor\">[&#8230;]<\/a><\/p>\n<\/div>","protected":false},"author":1,"featured_media":0,"parent":0,"menu_order":0,"comment_status":"closed","ping_status":"closed","template":"","meta":{"footnotes":""},"class_list":["post-54","page","type-page","status-publish","hentry"],"_links":{"self":[{"href":"https:\/\/tsunamiduloing.fr\/index.php?rest_route=\/wp\/v2\/pages\/54","targetHints":{"allow":["GET"]}}],"collection":[{"href":"https:\/\/tsunamiduloing.fr\/index.php?rest_route=\/wp\/v2\/pages"}],"about":[{"href":"https:\/\/tsunamiduloing.fr\/index.php?rest_route=\/wp\/v2\/types\/page"}],"author":[{"embeddable":true,"href":"https:\/\/tsunamiduloing.fr\/index.php?rest_route=\/wp\/v2\/users\/1"}],"replies":[{"embeddable":true,"href":"https:\/\/tsunamiduloing.fr\/index.php?rest_route=%2Fwp%2Fv2%2Fcomments&post=54"}],"version-history":[{"count":42,"href":"https:\/\/tsunamiduloing.fr\/index.php?rest_route=\/wp\/v2\/pages\/54\/revisions"}],"predecessor-version":[{"id":3093,"href":"https:\/\/tsunamiduloing.fr\/index.php?rest_route=\/wp\/v2\/pages\/54\/revisions\/3093"}],"wp:attachment":[{"href":"https:\/\/tsunamiduloing.fr\/index.php?rest_route=%2Fwp%2Fv2%2Fmedia&parent=54"}],"curies":[{"name":"wp","href":"https:\/\/api.w.org\/{rel}","templated":true}]}}