{"id":602,"date":"2022-05-05T15:43:27","date_gmt":"2022-05-05T13:43:27","guid":{"rendered":"http:\/\/tsunamiduloing.fr\/?page_id=602"},"modified":"2025-09-29T11:05:09","modified_gmt":"2025-09-29T09:05:09","slug":"championnats","status":"publish","type":"page","link":"https:\/\/tsunamiduloing.fr\/?page_id=602","title":{"rendered":"Championnats"},"content":{"rendered":"\n<h2 class=\"wp-block-heading\">France<\/h2>\n\n\n\n<figure class=\"wp-block-table is-style-stripes\"><table><tbody><tr><td>2024-2025<\/td><td><a href=\"https:\/\/www.pdga.com\/live\/event\/91806\/\">FDGC<\/a><\/td><td>Lucas SCHILLIGER<\/td><td><strong>Vice-Champion MJ18<\/strong><\/td><td>+33<\/td><\/tr><tr><td><\/td><td><\/td><td>F\u00e9anor BROUARD<\/td><td>5\u00e8me FPO<\/td><td>+73<\/td><\/tr><tr><td><\/td><td><\/td><td>Bertrand ECOUTIN<\/td><td>19\u00e8me MPO<\/td><td>+32<\/td><\/tr><tr><td><\/td><td><\/td><td>Eric SCHILLIGER<\/td><td>8\u00e8me MP40<\/td><td>+28<\/td><\/tr><tr><td><\/td><td><\/td><td>R\u00e9gis BROUARD<\/td><td>15\u00e8me MP40<\/td><td>+37<\/td><\/tr><tr><td><\/td><td><\/td><td>Fr\u00e9d\u00e9ric PASQUALINI<\/td><td>9\u00e8me MP50<\/td><td>+46<\/td><\/tr><tr><td><\/td><td><\/td><td>\u00c9lisa BRAULT<\/td><td>5\u00e8me FP40<\/td><td>+67<\/td><\/tr><tr><td><\/td><td><\/td><td>B\u00e9n\u00e9dicte BRUEL<\/td><td>5\u00e8me FP50<\/td><td>+63<\/td><\/tr><tr><td><\/td><td><a href=\"https:\/\/docs.google.com\/spreadsheets\/d\/1d2fvs9RdUrSW4O80OTrRKb6QmXFpXS5fIi-_Nm-DHbc\/edit?gid=1528491495#gid=1528491495\">FTDGC N1<\/a><\/td><td>\u00c9ric, Bertrand, Lucas, R\u00e9gis, F\u00e9lix, Fr\u00e9d\u00e9ric, Maxime et Beno\u00eet<\/td><td>7\u00e8me\/13 de France<\/td><td><\/td><\/tr><tr><td><\/td><td><a href=\"https:\/\/docs.google.com\/spreadsheets\/d\/1zXJbnlCM4oof_yrx2Rb204ryJiy49YVXV7RoD18sf7w\/edit?gid=251940471#gid=251940471\">FTDGC N2<\/a><\/td><td>Augustin, Ga\u00ebl, F\u00e9anor, \u00c9lisa, Beno\u00eet et B\u00e9n\u00e9dicte<\/td><td>24\u00e8me\/24<\/td><td><\/td><\/tr><tr><td>2023-2024<\/td><td><a href=\"https:\/\/www.pdga.com\/apps\/tournament\/live\/event?eventId=80247\">FDGC<\/a><\/td><td>Paul ECOUTIN<\/td><td>20\u00e8me MPO<\/td><td>+11<\/td><\/tr><tr><td><\/td><td><\/td><td>Bertrand ECOUTIN<\/td><td>22\u00e8me MPO<\/td><td>+13<\/td><\/tr><tr><td><\/td><td><\/td><td>Lucas SCHILLIGER<\/td><td>4\u00e8me MJ18<\/td><td>+20<\/td><\/tr><tr><td><\/td><td><\/td><td>\u00c9ric SCHILLIGER<\/td><td>14\u00e8me MP40<\/td><td>+21<\/td><\/tr><tr><td><\/td><td><\/td><td>R\u00e9gis BROUARD<\/td><td>23\u00e8me MP40<\/td><td>+27<\/td><\/tr><tr><td><\/td><td><\/td><td>\u00c9lisa BRAULT<\/td><td>6\u00e8me FP40<\/td><td>+89<\/td><\/tr><tr><td><\/td><td><a href=\"https:\/\/docs.google.com\/spreadsheets\/d\/1JMG2nnFSTl8I6cX0pfZ9gEXEaIjM_PklBlWcM75HeKw\/htmlview?pli=1#\">FTDGC<\/a><\/td><td>Paul, Eric, Lucas, Bertrand, R\u00e9gis, Fr\u00e9d\u00e9ric et Elisa<\/td><td>4\u00e8me de France<\/td><td><\/td><\/tr><tr><td>2022-2023<\/td><td>FDGC<\/td><td><strong>Lucas SCHILLIGER<\/strong><\/td><td><strong>Champion de France<\/strong><\/td><td>+17\/180<\/td><\/tr><tr><td><\/td><td>FTDGC<\/td><td>Paul, Bertrand, Lucas, \u00c9lisa,<br>Maxime, F\u00e9lix et Fr\u00e9d\u00e9ric<\/td><td>5\u00e8me de France<\/td><td><\/td><\/tr><\/tbody><\/table><\/figure>\n\n\n\n<h2 class=\"wp-block-heading\">Challenge Amateur National FFFD<\/h2>\n\n\n\n<figure class=\"wp-block-table is-style-stripes\"><table class=\"has-fixed-layout\"><tbody><tr><td>2025-2026<\/td><td>FA1<\/td><td>Championne<\/td><td>F\u00e9anor BROUARD<\/td><\/tr><tr><td><a href=\"https:\/\/www.pdga.com\/live\/event\/95240\">Lievin et Wingles<\/a><\/td><td>FA40<\/td><td>Championne<\/td><td>B\u00e9n\u00e9dicte BRUEL<\/td><\/tr><tr><td><\/td><td>FA50<\/td><td>Vice-Championne<\/td><td>\u00c9lisa BRAULT<\/td><\/tr><tr><td><\/td><td>MJ18<\/td><td>Vice-Champion<\/td><td>Marin PLASSE<\/td><\/tr><tr><td><\/td><td>MA40<\/td><td>Champion<\/td><td>Eric SCHILLIGER<\/td><\/tr><tr><td><\/td><td><\/td><td>17\u00e8\/19<\/td><td>R\u00e9gis BROUARD<\/td><\/tr><tr><td><\/td><td>MA50<\/td><td>4\u00e8me\/15<\/td><td>Fr\u00e9d\u00e9ric PASQUALINI<\/td><\/tr><tr><td><\/td><td><\/td><td>15\u00e8<\/td><td>Beno\u00eet DUC DODON<\/td><\/tr><tr><td><\/td><td>MA1<\/td><td>13\u00e8\/16<\/td><td>Bertrand ECOUTIN<\/td><\/tr><tr><td><\/td><td>MA3<\/td><td>6\u00e8\/12<\/td><td>Beno\u00eet RENE<\/td><\/tr><tr><td><\/td><td>MA4<\/td><td>15\u00e8\/25<\/td><td>Guilhem PARMAIN<\/td><\/tr><tr><td><\/td><td><\/td><td>18\u00e8<\/td><td>Yoska ZVONEC<\/td><\/tr><tr><td><\/td><td><\/td><td>24\u00e8<\/td><td>Landry PLASSE<\/td><\/tr><tr><td><\/td><td><\/td><td><\/td><td><\/td><\/tr><tr><td>2024-2025<\/td><td>MA40<\/td><td><strong>Vice-Champion<\/strong><\/td><td>Eric Schilliger (+3)<\/td><\/tr><tr><td><a href=\"https:\/\/www.pdga.com\/tour\/event\/84311\">Le Mans<\/a><\/td><td><\/td><td>12\u00e8<\/td><td>R\u00e9gis Brouard (+19)<\/td><\/tr><tr><td><\/td><td>FA40<\/td><td><strong>3\u00e8me<\/strong><\/td><td>Elisa Brault (+71)<\/td><\/tr><tr><td><\/td><td><\/td><td>4\u00e8me<\/td><td>B\u00e9n\u00e9dicte Bruel (+87)<\/td><\/tr><tr><td><\/td><td>FA1<\/td><td>6\u00e8me<\/td><td>F\u00e9anor Brouard (+74)<\/td><\/tr><tr><td><\/td><td>MA1<\/td><td>17\u00e8me<\/td><td>Bertrand Ecoutin (+10)<\/td><\/tr><tr><td><\/td><td><\/td><td>23\u00e8me<\/td><td>F\u00e9lix Priour-Martin (+23)<\/td><\/tr><tr><td><\/td><td>MA3<\/td><td>7\u00e8me<\/td><td>Maxime Gonzalez (+20)<\/td><\/tr><tr><td><\/td><td>MA4<\/td><td>7\u00e8me<\/td><td>Augustin Dekerle (+33)<\/td><\/tr><tr><td><\/td><td><\/td><td>32\u00e8me<\/td><td>Yohann Gore (+61)<\/td><\/tr><tr><td><\/td><td>MA50<\/td><td>7\u00e8me<\/td><td>Fr\u00e9d\u00e9ric Pasqualini (+17)<\/td><\/tr><tr><td>2023-2024<\/td><td><strong>MA1 Champion<\/strong><\/td><td><\/td><td><strong>Lucas Schilliger(Total -3)<\/strong><\/td><\/tr><tr><td><a href=\"https:\/\/www.pdga.com\/tour\/event\/74416\">La Roche-sur-Yon<\/a><\/td><td>MA1 5\u00e8me<\/td><td><\/td><td>Bertrand Ecoutin (Tot. +15)<\/td><\/tr><tr><td><\/td><td><strong>MA40 Champion<\/strong><\/td><td><\/td><td><strong>\u00c9ric Schilliger (Tot. +2)<\/strong><\/td><\/tr><tr><td><\/td><td>MA40 8\u00e8me<\/td><td><\/td><td>R\u00e9gis Brouard (Tot. +25)<\/td><\/tr><tr><td><\/td><td><strong>FA40 3\u00e8me<\/strong><\/td><td><\/td><td><strong>\u00c9lisa Brault (Tot. +87)<\/strong><\/td><\/tr><tr><td><\/td><td>FA40 4\u00e8me<\/td><td><\/td><td>B\u00e9n\u00e9dicte Bruel (+89)<\/td><\/tr><tr><td><\/td><td>MA4 8\u00e8me<\/td><td><\/td><td>Maxime Gonzalez (+47)<\/td><\/tr><tr><td><\/td><td>MA50 8\u00e8me<\/td><td><\/td><td>Fr\u00e9d\u00e9ric Pasqualini (+53)<\/td><\/tr><tr><td>2022-2023<\/td><td><strong>MA40 Champion (1er\/36)<\/strong><\/td><td><\/td><td>Eric Schilliger<\/td><\/tr><tr><td>Le Mans<\/td><td>MA40 21\/36<\/td><td><\/td><td>R\u00e9gis Brouard<\/td><\/tr><tr><td><\/td><td><strong>MJ18 Vice-champion (2\u00e8me\/3)<\/strong><\/td><td><\/td><td><strong>Lucas Schilliger<\/strong><\/td><\/tr><tr><td><\/td><td>FA40 10\u00e8me\/12<\/td><td><\/td><td>\u00c9lisa Brault<\/td><\/tr><tr><td><\/td><td>FA40 11\u00e8me\/12<\/td><td><\/td><td>Aur\u00e9lia Brotons<\/td><\/tr><tr><td><\/td><td>FA40 12\u00e8me\/12<\/td><td><\/td><td>B\u00e9n\u00e9dicte Bruel<\/td><\/tr><tr><td><\/td><td>MA1 13\u00e8me\/30<\/td><td><\/td><td>Bertrand Ecoutin<\/td><\/tr><tr><td><\/td><td>MA1 13\u00e8me\/30<\/td><td><\/td><td>Paul Ecoutin<\/td><\/tr><tr><td><\/td><td>MA3 14\u00e8me\/17<\/td><td><\/td><td>Maxime Gonzalez<\/td><\/tr><tr><td><\/td><td><\/td><td><\/td><td><\/td><\/tr><\/tbody><\/table><\/figure>\n\n\n\n<h2 class=\"wp-block-heading\">R\u00e9gional \u00cele-de-France<\/h2>\n\n\n\n<figure class=\"wp-block-table is-style-stripes\"><table><tbody><tr><td>2024-2025<\/td><td>MPO<\/td><td>Bertrand ECOUTIN<\/td><td>7\u00e8me\/21<\/td><td>+16\/180<\/td><\/tr><tr><td><a href=\"https:\/\/www.pdga.com\/apps\/tournament\/live\/event?eventId=86064\">Jablines<\/a><\/td><td><\/td><td>Paul ECOUTIN<\/td><td>8\u00e8me<\/td><td>+18<\/td><\/tr><tr><td><\/td><td><\/td><td>Beno\u00eet RENE<\/td><td>14\u00e8me<\/td><td>+40<\/td><\/tr><tr><td><\/td><td><\/td><td>F\u00e9lix PRIOUR-MARTIN<\/td><td>19\u00e8me<\/td><td>+58<\/td><\/tr><tr><td><\/td><td><\/td><td>Augustin DEKERLE<\/td><td>21\u00e8me<\/td><td>+65<\/td><\/tr><tr><td><\/td><td>FPO<\/td><td><strong>Elisa BRAULT<\/strong><\/td><td><strong>championne<\/strong><\/td><td>+78<\/td><\/tr><tr><td><\/td><td>MP40<\/td><td><strong>Eric SCHILLIGER<\/strong><\/td><td><strong>champion<\/strong><\/td><td>+15<\/td><\/tr><tr><td><\/td><td><\/td><td>R\u00e9gis BROUARD<\/td><td>8\u00e8me\/9<\/td><td>+38<\/td><\/tr><tr><td><\/td><td>MP50<\/td><td><strong>Fr\u00e9d\u00e9ric PASQUALINI<\/strong><\/td><td><strong>champion<\/strong><\/td><td>+42<\/td><\/tr><tr><td>2023-2024<\/td><td>MPO<\/td><td>Bertrand ECOUTIN<\/td><td>9\u00e8me\/16<\/td><td>+34\/180<\/td><\/tr><tr><td><\/td><td><\/td><td>Eric SCHILLIGER<\/td><td>10\u00e8me\/16<\/td><td>+36\/180<\/td><\/tr><tr><td><\/td><td><\/td><td>Lucas SCHILLIGER<\/td><td>10\u00e8me\/16<\/td><td>+36\/180<\/td><\/tr><tr><td><\/td><td>FPO<\/td><td><strong>\u00c9lisa BRAULT<\/strong><\/td><td><strong>Championne IDF<\/strong><\/td><td>+108\/180<\/td><\/tr><tr><td><\/td><td>MP40<\/td><td>Fr\u00e9d\u00e9ric PASQUALINI<\/td><td>5\u00e8me\/7<\/td><td>+55\/180<\/td><\/tr><tr><td><\/td><td><\/td><td>R\u00e9gis BROUARD<\/td><td>6\u00e8me\/7<\/td><td>+61\/180<\/td><\/tr><tr><td>2022-2023<\/td><td>MPO<\/td><td>Paul ECOUTIN<\/td><td>6\u00e8me\/20<\/td><td>+14\/180<\/td><\/tr><tr><td><\/td><td><\/td><td>Bertrand ECOUTIN<\/td><td>14\u00e8me\/20<\/td><td>+28\/180<\/td><\/tr><tr><td><\/td><td><\/td><td>Maxime GONZALEZ<\/td><td>20\u00e8me\/20<\/td><td>+58\/180<\/td><\/tr><tr><td><\/td><td>FPO<\/td><td>\u00c9lisa BRAULT<\/td><td>2\u00e8me\/3<\/td><td>+101\/180<\/td><\/tr><tr><td><\/td><td><\/td><td>Aur\u00e9lia BROTONS<\/td><td>3\u00e8me\/3<\/td><td>+106\/180<\/td><\/tr><tr><td><\/td><td>MJ18<\/td><td>Lucas SCHILLIGER<\/td><td>2\u00e8me\/2<\/td><td>+12\/180<\/td><\/tr><tr><td><\/td><td>MP40<\/td><td>\u00c9ric SCHILLIGER<\/td><td>1er\/8<\/td><td>+8\/180<\/td><\/tr><tr><td><\/td><td><\/td><td>R\u00e9gis BROUARD<\/td><td>7\u00e8me\/8<\/td><td>+30\/180<\/td><\/tr><tr><td>2021-2022<\/td><td>MPO<\/td><td>Bertrand ECOUTIN<\/td><td>9\u00e8me\/17<\/td><td>+21\/180<\/td><\/tr><tr><td><\/td><td><\/td><td>Maxime GONZALEZ<\/td><td>17\u00e8me<\/td><td>+67\/180<\/td><\/tr><tr><td><\/td><td>MP40<\/td><td>R\u00e9gis BROUARD<\/td><td>8\u00e8me\/10<\/td><td>+32\/180<\/td><\/tr><tr><td><\/td><td><\/td><td><\/td><td><\/td><td><\/td><\/tr><\/tbody><\/table><\/figure>\n","protected":false},"excerpt":{"rendered":"<div class=\"mh-excerpt\"><p>France 2024-2025 FDGC Lucas SCHILLIGER Vice-Champion MJ18 +33 F\u00e9anor BROUARD 5\u00e8me FPO +73 Bertrand ECOUTIN 19\u00e8me MPO +32 Eric SCHILLIGER 8\u00e8me MP40 +28 R\u00e9gis BROUARD <a class=\"mh-excerpt-more\" href=\"https:\/\/tsunamiduloing.fr\/?page_id=602\" title=\"Championnats\">[&#8230;]<\/a><\/p>\n<\/div>","protected":false},"author":1,"featured_media":0,"parent":710,"menu_order":0,"comment_status":"closed","ping_status":"closed","template":"","meta":{"footnotes":""},"class_list":["post-602","page","type-page","status-publish","hentry"],"_links":{"self":[{"href":"https:\/\/tsunamiduloing.fr\/index.php?rest_route=\/wp\/v2\/pages\/602","targetHints":{"allow":["GET"]}}],"collection":[{"href":"https:\/\/tsunamiduloing.fr\/index.php?rest_route=\/wp\/v2\/pages"}],"about":[{"href":"https:\/\/tsunamiduloing.fr\/index.php?rest_route=\/wp\/v2\/types\/page"}],"author":[{"embeddable":true,"href":"https:\/\/tsunamiduloing.fr\/index.php?rest_route=\/wp\/v2\/users\/1"}],"replies":[{"embeddable":true,"href":"https:\/\/tsunamiduloing.fr\/index.php?rest_route=%2Fwp%2Fv2%2Fcomments&post=602"}],"version-history":[{"count":16,"href":"https:\/\/tsunamiduloing.fr\/index.php?rest_route=\/wp\/v2\/pages\/602\/revisions"}],"predecessor-version":[{"id":2814,"href":"https:\/\/tsunamiduloing.fr\/index.php?rest_route=\/wp\/v2\/pages\/602\/revisions\/2814"}],"up":[{"embeddable":true,"href":"https:\/\/tsunamiduloing.fr\/index.php?rest_route=\/wp\/v2\/pages\/710"}],"wp:attachment":[{"href":"https:\/\/tsunamiduloing.fr\/index.php?rest_route=%2Fwp%2Fv2%2Fmedia&parent=602"}],"curies":[{"name":"wp","href":"https:\/\/api.w.org\/{rel}","templated":true}]}}