{"id":634,"date":"2022-06-24T09:49:30","date_gmt":"2022-06-24T07:49:30","guid":{"rendered":"http:\/\/tsunamiduloing.fr\/?page_id=634"},"modified":"2022-06-24T09:57:23","modified_gmt":"2022-06-24T07:57:23","slug":"le-jeu","status":"publish","type":"page","link":"https:\/\/tsunamiduloing.fr\/?page_id=634","title":{"rendered":"Le Jeu"},"content":{"rendered":"\n<p><em>(Explications tir\u00e9es du site de la f\u00e9d\u00e9ration (<a rel=\"noreferrer noopener\" href=\"https:\/\/www.ff-flyingdisc.fr\/quest-disc-golf\/\" target=\"_blank\">https:\/\/www.ff-flyingdisc.fr\/quest-disc-golf\/<\/a>) )<\/em><\/p>\n\n\n\n<p>Sport de flying disc (de disque, ou de Frisbee\u00ae) formalis\u00e9 dans les ann\u00e9es 70 aux \u00c9tats-Unis, le disc golf se joue comme le golf, mais au lieu de propulser une balle \u00e0 l\u2019aide d\u2019un club pour effectuer des coups successifs, le joueur de disc golf lance un disque (frisbee) \u00e0 la force du bras.<\/p>\n\n\n\n<p>L\u2019objectif est de r\u00e9aliser un parcours compos\u00e9 de 9 \u00e0 18 trous en un minimum de lancers.<\/p>\n\n\n\n<p>Aux \u00c9tats-Unis le disc golf est devenu populaire et est l\u2019une des activit\u00e9s de loisirs qui connait actuellement la plus forte croissance. A fin 2015, il existe environ 6000 parcours permanents dans le monde dont 5000 aux \u00c9tats-Unis, pr\u00e8s de 500 en Finlande, quelques dizaines en France, dont le 1er install\u00e9 en 2002.<\/p>\n\n\n\n<figure class=\"wp-block-embed is-type-video is-provider-youtube wp-block-embed-youtube wp-embed-aspect-16-9 wp-has-aspect-ratio\"><div class=\"wp-block-embed__wrapper\">\n<iframe loading=\"lazy\" title=\"THIS IS DISC GOLF\" width=\"500\" height=\"281\" src=\"https:\/\/www.youtube.com\/embed\/kO3ZSkFt8Cw?feature=oembed\" frameborder=\"0\" allow=\"accelerometer; autoplay; clipboard-write; encrypted-media; gyroscope; picture-in-picture; web-share\" referrerpolicy=\"strict-origin-when-cross-origin\" allowfullscreen><\/iframe>\n<\/div><\/figure>\n\n\n\n<h3 class=\"wp-block-heading\">Comment jouer ?<\/h3>\n\n\n\n<ul class=\"wp-block-list\"><li>Le discgolfeur lance son disque en direction de la cible : une corbeille (ou panier) m\u00e9tallique mat\u00e9rialisant le \u00abtrou\u00bb.<\/li><li>Les lancers cons\u00e9cutifs (drive, approche et putt) sont ex\u00e9cut\u00e9s \u00e0 partir du point de retomb\u00e9e des lancers pr\u00e9c\u00e9dents.<\/li><li>Les arbres, le relief sont des obstacles naturels qui sont autant de d\u00e9fis pour les joueurs.<\/li><li>Le trou est termin\u00e9 lorsque le joueur a r\u00e9ussi \u00e0 lancer son disque dans la corbeille.<\/li><li>Il passe ensuite au trou suivant et cela jusqu\u2019\u00e0 ce qu\u2019il termine le parcours.<\/li><li>Le score est \u00e9gal au nombre total de lancers additionn\u00e9 au nombre de points de p\u00e9nalit\u00e9 \u00e9ventuels.<\/li><\/ul>\n\n\n\n<p>Le disc golf a de commun avec le golf la joie que procure un long putt r\u00e9ussi, ou bien la difficult\u00e9 rencontr\u00e9e lorsque le disque heurte un arbre \u00e0 mi-chemin du fairway. Il poss\u00e8de cependant des caract\u00e9ristiques diff\u00e9rentes : les parcours de disc golf sont g\u00e9n\u00e9ralement implant\u00e9s dans des parcs ou des espaces naturels.<\/p>\n\n\n\n<p>L\u2019implantation et la pratique d\u2019un parcours ne n\u00e9cessitent pas de transformation de la flore et peu d\u2019entretien.<\/p>\n\n\n\n<p>Un sport en essor&nbsp;: <a href=\"http:\/\/www.pdga.com\/\" target=\"_blank\" rel=\"noreferrer noopener\">PDGA<\/a>, f\u00e9d\u00e9ration internationale de disc golf (Professional Disc Golf Association) a recens\u00e9 plus de 1 200 000 joueurs r\u00e9guliers dans le monde en 2014 (500 000 en 2012).<\/p>\n\n\n\n<h4 class=\"wp-block-heading\">Un sport pour tous<\/h4>\n\n\n\n<p>Le disc golf, sport-loisir de plein air pour tous.<\/p>\n\n\n\n<p>Les activit\u00e9s de loisirs prennent de plus en plus de place dans notre quotidien pour les bienfaits sur notre sant\u00e9 et sur la qualit\u00e9 de notre vie.<\/p>\n\n\n\n<p>La pratique de cette discipline sollicite toutes les parties du corps (bras, buste, jambes \u2026) et demande de la concentration et de la dext\u00e9rit\u00e9. Cela fait du disc golf une activit\u00e9 de plein air compl\u00e8te et id\u00e9ale pour la ma\u00eetrise de soi et le contr\u00f4le de ses \u00e9motions.<\/p>\n\n\n\n<p>Pour les juniors, les adultes comme pour les seniors, la pratique de cette discipline est b\u00e9n\u00e9fique pour la sant\u00e9 et ne requiert pas d\u2019aptitude physique particuli\u00e8re. Cette discipline est naturellement adapt\u00e9e aux personnes en situation de handicap.<\/p>\n\n\n\n<p>Il faut environ 2 heures pour r\u00e9aliser un parcours complet de 18 trous avec 3 joueurs dans le m\u00eame groupe.<\/p>\n\n\n\n<p>De plus, c\u2019est un sport peux on\u00e9reux : un disque de qualit\u00e9 professionnelle co\u00fbte de 5 \u00e0 15 euros et l\u2019on peut jouer avec un disque seulement. L\u2019acc\u00e8s aux parcours de disc golf est souvent gratuit.<\/p>\n\n\n\n<h3 class=\"wp-block-heading\">Les Valeurs<\/h3>\n\n\n\n<p>Le disc golf s\u2019inscrit dans des valeurs de d\u00e9veloppement durable.<\/p>\n\n\n\n<p>Proche de la nature, il est bas\u00e9 sur le fairplay, la courtoisie et la convivialit\u00e9. Le respect des r\u00e8gles du jeu, de l\u2019environnement et des autres en sont les valeurs intrins\u00e8ques.<\/p>\n\n\n\n<p>Les expressions \u00ab&nbsp;croissance \u00e9cologique&nbsp;\u00bb, \u00ab&nbsp;d\u00e9veloppement durable&nbsp;\u00bb, \u00ab&nbsp;intelligence \u00e9motionnelle&nbsp;\u00bb, \u00ab&nbsp;\u00e9ducation \u00e0 la citoyennet\u00e9&nbsp;\u00bb sont de plus en plus usit\u00e9es. La pratique de l\u2019activit\u00e9 sportive du disc golf de par ses vertus et son r\u00e9glement peut contribuer, pour sa part, \u00e0 apporter des r\u00e9ponses concr\u00e8tes \u00e0 ces th\u00e9matiques qui repr\u00e9sentent certains des d\u00e9fis que doit relever notre \u00e9poque.<\/p>\n\n\n\n<p>Des notions cl\u00e9s.<\/p>\n\n\n\n<ul class=\"wp-block-list\"><li><strong>Mixte et interg\u00e9n\u00e9rationnel&nbsp;:<\/strong> hommes et femmes, du junior au s\u00e9nior jouent ensemble et \u00e0 leur rythme sur les m\u00eames parcours qui peuvent \u00eatre ajust\u00e9s.<\/li><li><strong>Fairplay :<\/strong> accepter ses fautes, reconna\u00eetre ses erreurs, respecter les r\u00e8gles du jeu,&nbsp;faire preuve de courtoisie et de savoir-vivre envers les promeneurs, le public et les autres joueurs.<\/li><li><strong>Ma\u00eetrise de soi et contr\u00f4le de ses \u00e9motions :<\/strong> rester concentr\u00e9 tout au long du parcours quelles que soient&nbsp;les difficult\u00e9s rencontr\u00e9es, ne pas d\u00e9concentrer les joueurs de son groupe ou les joueurs des groupes environnants par certains d\u00e9bordements de comportement.<\/li><li><strong>Respect de l\u2019environnement :<\/strong> l\u2019installation des parcours ne requiert pas de transformation de l\u2019environnement, les r\u00e8gles du jeu impliquent le respect de la flore et de la faune.<\/li><\/ul>\n\n\n\n<h3 class=\"wp-block-heading\">Le comportement sur le terrain<\/h3>\n\n\n\n<p>Extrait des r\u00e8gles du jeu officielles du disc golf :<\/p>\n\n\n\n<h5 class=\"wp-block-heading\"><strong>801.04 Courtoisie<\/strong><\/h5>\n\n\n\n<p>A \u2013 Les concurrents ne doivent pas lancer leur disque, tant qu\u2019ils n\u2019ont pas la certitude que celui-ci ne risque pas de g\u00eaner un autre concurrent ou de blesser qui que ce soit.<\/p>\n\n\n\n<p>B \u2013 Les concurrents doivent \u00eatre attentifs aux autres membres de leur groupe afin de les aider \u00e0 localiser d\u2019\u00e9ventuels lancers mal ma\u00eetris\u00e9s et de s\u2019assurer que les r\u00e8gles du jeu sont correctement respect\u00e9es.<\/p>\n\n\n\n<p>C \u2013 Les concurrents doivent \u00eatre attentifs \u00e0 ne pas faire de bruit ou de mouvements susceptibles de perturber les autres lanceurs. Crier, jurer, jongler avec son disque, frapper dans son sac de disc golf ou dans un \u00e9l\u00e9ment du parcours, lancer un disque avant son tour ou lancer un mini-disque, s\u2019avancer en direction de la corbeille ou de son disque en d\u00e9passant le lanceur qui s\u2019appr\u00eate \u00e0 lancer, sont des exemples d\u2019actes discourtois. N\u00e9anmoins, crier en temps opportun pour avertir un autre concurrent ou un spectateur susceptible d\u2019\u00eatre heurt\u00e9 par un disque, n\u2019est pas consid\u00e9r\u00e9 comme un acte discourtois.<\/p>\n\n\n\n<p>D \u2013 Refuser d\u2019accomplir une action d\u00e9finie par les r\u00e8gles, telle qu\u2019aider \u00e0 la recherche d\u2019un disque perdu, d\u00e9placer son sac de disc golf lorsqu\u2019il g\u00eane un concurrent pr\u00eat \u00e0 lancer, remplir correctement, et \u00e0 son tour, les cartes de scores, sont des actes discourtois.<\/p>\n\n\n\n<p>E \u2013 Jeter des d\u00e9chets parterre est consid\u00e9r\u00e9 comme une transgression des r\u00e8gles de courtoisie.<\/p>\n\n\n\n<p>F \u2013 La courtoisie dicte aux lanceurs qui souhaitent fumer une cigarette de s\u2019assurer qu\u2019ils ne g\u00eaneront aucun autre concurrent. Les m\u00e9gots doivent \u00eatre transport\u00e9s et jet\u00e9s dans une poubelle. Jeter un m\u00e9got de cigarette par terre est un acte discourtois.<\/p>\n\n\n\n<p>G \u2013 Tout concurrent ne respectant pas l\u2019une de ces r\u00e8gles de courtoisie est averti une premi\u00e8re fois, par tout lanceur directement affect\u00e9, m\u00eame s\u2019il fait partie d\u2019un autre groupe, ou par un officiel. A chaque acte discourtois suppl\u00e9mentaire, lors de la m\u00eame ronde, le lanceur incrimin\u00e9 est p\u00e9nalis\u00e9 d\u2019un lancer de p\u00e9nalit\u00e9 par acte discourtois constat\u00e9. La r\u00e9p\u00e9tition d\u2019actes discourtois peut conduire \u00e0 la disqualification du lanceur incrimin\u00e9, conform\u00e9ment \u00e0 la section 3.3 du Manuel Comp\u00e9tition.<\/p>\n\n\n\n<p><em>Traduction et mise \u00e0 jour FFFD \u2013 Florence Dumont<\/em><\/p>\n\n\n\n<h3 class=\"wp-block-heading\"><strong>D\u00c9ONTOLOGIE<\/strong><\/h3>\n\n\n\n<p><strong>PR\u00c9VENTION DES VIOLENCES<\/strong><\/p>\n\n\n\n<p>Parce que les sports de Flying Disc pr\u00f4nent le dialogue et la tol\u00e9rance et parce que la violence n\u2019a pas sa place dans le sport : <a href=\"https:\/\/www.ffdf.fr\/prevention-violences-sport\/\"><strong>Z\u00c9RO TOL\u00c9RANCE POUR LES VIOLENCES<\/strong><\/a><\/p>\n","protected":false},"excerpt":{"rendered":"<div class=\"mh-excerpt\"><p>(Explications tir\u00e9es du site de la f\u00e9d\u00e9ration (https:\/\/www.ff-flyingdisc.fr\/quest-disc-golf\/) ) Sport de flying disc (de disque, ou de Frisbee\u00ae) formalis\u00e9 dans les ann\u00e9es 70 aux \u00c9tats-Unis, <a class=\"mh-excerpt-more\" href=\"https:\/\/tsunamiduloing.fr\/?page_id=634\" title=\"Le Jeu\">[&#8230;]<\/a><\/p>\n<\/div>","protected":false},"author":1,"featured_media":0,"parent":292,"menu_order":1,"comment_status":"closed","ping_status":"closed","template":"","meta":{"footnotes":""},"class_list":["post-634","page","type-page","status-publish","hentry"],"_links":{"self":[{"href":"https:\/\/tsunamiduloing.fr\/index.php?rest_route=\/wp\/v2\/pages\/634","targetHints":{"allow":["GET"]}}],"collection":[{"href":"https:\/\/tsunamiduloing.fr\/index.php?rest_route=\/wp\/v2\/pages"}],"about":[{"href":"https:\/\/tsunamiduloing.fr\/index.php?rest_route=\/wp\/v2\/types\/page"}],"author":[{"embeddable":true,"href":"https:\/\/tsunamiduloing.fr\/index.php?rest_route=\/wp\/v2\/users\/1"}],"replies":[{"embeddable":true,"href":"https:\/\/tsunamiduloing.fr\/index.php?rest_route=%2Fwp%2Fv2%2Fcomments&post=634"}],"version-history":[{"count":2,"href":"https:\/\/tsunamiduloing.fr\/index.php?rest_route=\/wp\/v2\/pages\/634\/revisions"}],"predecessor-version":[{"id":643,"href":"https:\/\/tsunamiduloing.fr\/index.php?rest_route=\/wp\/v2\/pages\/634\/revisions\/643"}],"up":[{"embeddable":true,"href":"https:\/\/tsunamiduloing.fr\/index.php?rest_route=\/wp\/v2\/pages\/292"}],"wp:attachment":[{"href":"https:\/\/tsunamiduloing.fr\/index.php?rest_route=%2Fwp%2Fv2%2Fmedia&parent=634"}],"curies":[{"name":"wp","href":"https:\/\/api.w.org\/{rel}","templated":true}]}}