{"id":84,"date":"2020-02-24T14:40:17","date_gmt":"2020-02-24T13:40:17","guid":{"rendered":"http:\/\/tsunamiduloing.fr\/?page_id=84"},"modified":"2026-03-23T09:06:42","modified_gmt":"2026-03-23T08:06:42","slug":"indoor","status":"publish","type":"page","link":"https:\/\/tsunamiduloing.fr\/?page_id=84","title":{"rendered":"Indoor"},"content":{"rendered":"\n<h2 class=\"wp-block-heading\">Mixte<\/h2>\n\n\n\n<figure class=\"wp-block-table is-style-stripes\"><table><thead><tr><th class=\"has-text-align-center\" data-align=\"center\">Saison<\/th><th class=\"has-text-align-center\" data-align=\"center\">Tournoi<\/th><th class=\"has-text-align-center\" data-align=\"center\">\u00c9quipe<\/th><th class=\"has-text-align-center\" data-align=\"center\">R\u00e9sultat<\/th><\/tr><\/thead><tbody><tr><td class=\"has-text-align-center\" data-align=\"center\">2025-2026<\/td><td class=\"has-text-align-center\" data-align=\"center\"><a href=\"https:\/\/tsunamixte.fr\/index.php\/tsunamixte-2026-ledition-des-vingt-coeurs\/\">Tsunamixte 2026<\/a><\/td><td class=\"has-text-align-center\" data-align=\"center\">Tsunapafinidrire<\/td><td class=\"has-text-align-center\" data-align=\"center\"><strong>Champion<\/strong><\/td><\/tr><tr><td class=\"has-text-align-center\" data-align=\"center\"><\/td><td class=\"has-text-align-center\" data-align=\"center\"><\/td><td class=\"has-text-align-center\" data-align=\"center\">Abitbol<\/td><td class=\"has-text-align-center\" data-align=\"center\">19\u00e8me<\/td><\/tr><tr><td class=\"has-text-align-center\" data-align=\"center\"><\/td><td class=\"has-text-align-center\" data-align=\"center\"><\/td><td class=\"has-text-align-center\" data-align=\"center\">Tsupachups<\/td><td class=\"has-text-align-center\" data-align=\"center\">29\u00e8me<\/td><\/tr><tr><td class=\"has-text-align-center\" data-align=\"center\">2024-2025<\/td><td class=\"has-text-align-center\" data-align=\"center\"><a href=\"https:\/\/tsunamixte.fr\/index.php\/tsunamixte-2025-dixsque-neuf-ca-va-swinguer\/\">Tsunamixte 2025<\/a><\/td><td class=\"has-text-align-center\" data-align=\"center\">Tsunapafinidrire<\/td><td class=\"has-text-align-center\" data-align=\"center\"><strong>Champion<\/strong><\/td><\/tr><tr><td class=\"has-text-align-center\" data-align=\"center\"><\/td><td class=\"has-text-align-center\" data-align=\"center\"><\/td><td class=\"has-text-align-center\" data-align=\"center\">Abitbol<\/td><td class=\"has-text-align-center\" data-align=\"center\">14\u00e8me<\/td><\/tr><tr><td class=\"has-text-align-center\" data-align=\"center\"><\/td><td class=\"has-text-align-center\" data-align=\"center\"><\/td><td class=\"has-text-align-center\" data-align=\"center\">Tsupides<\/td><td class=\"has-text-align-center\" data-align=\"center\">20\u00e8me<\/td><\/tr><tr><td class=\"has-text-align-center\" data-align=\"center\"><\/td><td class=\"has-text-align-center\" data-align=\"center\"><\/td><td class=\"has-text-align-center\" data-align=\"center\">Tsupachups<\/td><td class=\"has-text-align-center\" data-align=\"center\">28\u00e8me<\/td><\/tr><tr><td class=\"has-text-align-center\" data-align=\"center\">2023-2024<\/td><td class=\"has-text-align-center\" data-align=\"center\"><a href=\"https:\/\/tsunamixte.fr\/index.php\/palmares\/tsunamixte-2024\/\">Tsunamixte 2024<\/a><\/td><td class=\"has-text-align-center\" data-align=\"center\">Tsunapafinidrire<\/td><td class=\"has-text-align-center\" data-align=\"center\">5\u00e8me<\/td><\/tr><tr><td class=\"has-text-align-center\" data-align=\"center\"><\/td><td class=\"has-text-align-center\" data-align=\"center\"><\/td><td class=\"has-text-align-center\" data-align=\"center\">Abitbol<\/td><td class=\"has-text-align-center\" data-align=\"center\">10\u00e8me<\/td><\/tr><tr><td class=\"has-text-align-center\" data-align=\"center\">2022-2023<\/td><td class=\"has-text-align-center\" data-align=\"center\"><a href=\"https:\/\/tsunamixte.fr\/index.php\/palmares\/tsunamixte-2023-dix-sept-fois-tu-me-catch\/\">Tsunamixte 2023<\/a><\/td><td class=\"has-text-align-center\" data-align=\"center\">Tsunapafinidrire<\/td><td class=\"has-text-align-center\" data-align=\"center\"><strong>Champion<\/strong><\/td><\/tr><tr><td class=\"has-text-align-center\" data-align=\"center\"><\/td><td class=\"has-text-align-center\" data-align=\"center\"><\/td><td class=\"has-text-align-center\" data-align=\"center\">Tsunamix\u00e9<\/td><td class=\"has-text-align-center\" data-align=\"center\">20\u00e8me<\/td><\/tr><\/tbody><\/table><\/figure>\n\n\n\n<h2 class=\"wp-block-heading\" id=\"open\">Open<\/h2>\n\n\n\n<figure class=\"wp-block-table is-style-stripes\"><table><thead><tr><th>Saison<\/th><th class=\"has-text-align-center\" data-align=\"center\">\u00c9quipe<\/th><th>R\u00e9sultat<\/th><\/tr><\/thead><tbody><tr><td>2025-2026<\/td><td class=\"has-text-align-center\" data-align=\"center\">1<\/td><td><strong>Vice-Champion de France<\/strong><\/td><\/tr><tr><td><\/td><td class=\"has-text-align-center\" data-align=\"center\">2<\/td><td>6\u00e8me N3 &#8211; Descente en R\u00e9gional 1<\/td><\/tr><tr><td><\/td><td class=\"has-text-align-center\" data-align=\"center\">3<\/td><td>5\u00e8me de N3 &#8211; Maintien en N3<\/td><\/tr><tr><td><\/td><td class=\"has-text-align-center\" data-align=\"center\">4<\/td><td>12\u00e8me R2 &#8211; Descente en R\u00e9gional 3<\/td><\/tr><tr><td>2024-2025<\/td><td class=\"has-text-align-center\" data-align=\"center\">1<\/td><td><strong>Champions N2 &#8211; Mont\u00e9e en N1<\/strong><\/td><\/tr><tr><td><\/td><td class=\"has-text-align-center\" data-align=\"center\">2<\/td><td><strong>Champions R1 &#8211; Mont\u00e9e en N3<\/strong><\/td><\/tr><tr><td><\/td><td class=\"has-text-align-center\" data-align=\"center\">3<\/td><td><strong>Vice-Champions R1 &#8211; Mont\u00e9e en N3<\/strong><\/td><\/tr><tr><td><\/td><td class=\"has-text-align-center\" data-align=\"center\">4<\/td><td>9\u00e8me R2 &#8211; Maintien<\/td><\/tr><tr><td>2023-2024<\/td><td class=\"has-text-align-center\" data-align=\"center\">1<\/td><td>9\u00e8me de France &#8211; Descente en N2<\/td><\/tr><tr><td><\/td><td class=\"has-text-align-center\" data-align=\"center\">2<\/td><td>7\u00e8me de N3 zone B &#8211; Descente en R\u00e9gionale<\/td><\/tr><tr><td><\/td><td class=\"has-text-align-center\" data-align=\"center\">3<\/td><td>7\u00e8me de R\u00e9gional 1<\/td><\/tr><tr><td><\/td><td class=\"has-text-align-center\" data-align=\"center\">4<\/td><td><strong>3\u00e8me de R\u00e9gional 2<\/strong><\/td><\/tr><tr><td>2022-2023<\/td><td class=\"has-text-align-center\" data-align=\"center\">1<\/td><td><strong>Vice-Champion de France<\/strong><\/td><\/tr><tr><td><\/td><td class=\"has-text-align-center\" data-align=\"center\">2<\/td><td>6\u00e8me N3B<\/td><\/tr><tr><td><\/td><td class=\"has-text-align-center\" data-align=\"center\">3<\/td><td><strong>3\u00e8me en R2 &#8211; Esprit du jeu<\/strong><\/td><\/tr><tr><td><\/td><td class=\"has-text-align-center\" data-align=\"center\">4<\/td><td>4\u00e8me en R3 &#8211; <strong>Esprit du Jeu<\/strong><\/td><\/tr><tr><td>2021-2022<\/td><td class=\"has-text-align-center\" data-align=\"center\">1<\/td><td><strong>Vice-Champion de France<\/strong><\/td><\/tr><tr><td><\/td><td class=\"has-text-align-center\" data-align=\"center\">2<\/td><td>4\u00e8me N3B <strong><strong>&#8211; Esprit du Jeu<\/strong><\/strong><\/td><\/tr><tr><td><\/td><td class=\"has-text-align-center\" data-align=\"center\">3<\/td><td>3\u00e8me de R2<\/td><\/tr><tr><td>2019-2020<\/td><td class=\"has-text-align-center\" data-align=\"center\">1<\/td><td><strong>Champion de France<\/strong><\/td><\/tr><tr><td><\/td><td class=\"has-text-align-center\" data-align=\"center\">2<\/td><td>8\u00e8me\/12 N3B &#8211; Maintien en N3<\/td><\/tr><tr><td><\/td><td class=\"has-text-align-center\" data-align=\"center\">3<\/td><td>7\u00e8me\/12 R2<\/td><\/tr><tr><td><\/td><td class=\"has-text-align-center\" data-align=\"center\">4<\/td><td><strong>Vice-champion R3 &#8211; mont\u00e9e en R2 &#8211; Esprit du Jeu<\/strong><\/td><\/tr><tr><td>2018-2019<\/td><td class=\"has-text-align-center\" data-align=\"center\">1<\/td><td>4\u00e8me de France<\/td><\/tr><tr><td><\/td><td class=\"has-text-align-center\" data-align=\"center\">2<\/td><td>4\u00e8me\/12 N3B<\/td><\/tr><tr><td><\/td><td class=\"has-text-align-center\" data-align=\"center\">3<\/td><td>7\u00e8me\/12 R2<\/td><\/tr><tr><td>2017-2018<\/td><td class=\"has-text-align-center\" data-align=\"center\">1<\/td><td>5\u00e8me de N2<\/td><\/tr><tr><td><\/td><td class=\"has-text-align-center\" data-align=\"center\">2<\/td><td>6\u00e8me\/12 N3B<\/td><\/tr><tr><td><\/td><td class=\"has-text-align-center\" data-align=\"center\">3<\/td><td><strong>Champion R\u00e9gional<\/strong><\/td><\/tr><tr><td><\/td><td class=\"has-text-align-center\" data-align=\"center\">4<\/td><td>3\u00e8me DR3<\/td><\/tr><tr><td>2016-2017<\/td><td class=\"has-text-align-center\" data-align=\"center\">1<\/td><td>6\u00e8me de France<\/td><\/tr><tr><td><\/td><td class=\"has-text-align-center\" data-align=\"center\">2<\/td><td>4\u00e8me de N3B<\/td><\/tr><tr><td>2015-2016<\/td><td class=\"has-text-align-center\" data-align=\"center\">1<\/td><td>5\u00e8me de France<\/td><\/tr><tr><td><\/td><td class=\"has-text-align-center\" data-align=\"center\">2<\/td><td>3\u00e8me de N3B &#8211; <strong>Esprit du Jeu<\/strong><\/td><\/tr><tr><td><\/td><td class=\"has-text-align-center\" data-align=\"center\">3<\/td><td>5\u00e8me\/14 R2<\/td><\/tr><tr><td>2014-2015<\/td><td class=\"has-text-align-center\" data-align=\"center\">1<\/td><td> 6\u00e8me de France <\/td><\/tr><tr><td><\/td><td class=\"has-text-align-center\" data-align=\"center\">2<\/td><td>10\u00e8me\/12 N2 &#8211; Descente en N3<\/td><\/tr><tr><td><\/td><td class=\"has-text-align-center\" data-align=\"center\">3<\/td><td>6\u00e8me\/19 R2<\/td><\/tr><tr><td>2013-2014<\/td><td class=\"has-text-align-center\" data-align=\"center\">1<\/td><td>5\u00e8me de France<\/td><\/tr><tr><td><\/td><td class=\"has-text-align-center\" data-align=\"center\">2<\/td><td> <strong>Vice-champion de N3 &#8211; Esprit du Jeu &#8211; Mont\u00e9e en N2<\/strong><\/td><\/tr><tr><td><\/td><td class=\"has-text-align-center\" data-align=\"center\">3<\/td><td>8\u00e8me\/13 R2<\/td><\/tr><tr><td>2012-2013<\/td><td class=\"has-text-align-center\" data-align=\"center\">1<\/td><td> 6\u00e8me de France <\/td><\/tr><tr><td><\/td><td class=\"has-text-align-center\" data-align=\"center\">2<\/td><td>  <strong>Vice-champion de N3 &#8211; Esprit du Jeu<\/strong><\/td><\/tr><tr><td><\/td><td class=\"has-text-align-center\" data-align=\"center\">Tsunamixte<\/td><td>15\u00e8me\/32<\/td><\/tr><tr><td>2011-2012<\/td><td class=\"has-text-align-center\" data-align=\"center\">1<\/td><td>3\u00e8me de N2 &#8211; <strong>Mont\u00e9e en N1<\/strong><\/td><\/tr><tr><td><\/td><td class=\"has-text-align-center\" data-align=\"center\">2<\/td><td>5\u00e8me R1<\/td><\/tr><tr><td><\/td><td class=\"has-text-align-center\" data-align=\"center\"> Coupe I-d-F <\/td><td>5\u00e8me et 13\u00e8me \/16<\/td><\/tr><tr><td>2010-2011<\/td><td class=\"has-text-align-center\" data-align=\"center\">1<\/td><td>11\u00e8me N1 &#8211; Descente N2<\/td><\/tr><tr><td><\/td><td class=\"has-text-align-center\" data-align=\"center\">2<\/td><td>4\u00e8me R1<\/td><\/tr><tr><td>2009-2010<\/td><td class=\"has-text-align-center\" data-align=\"center\">1<\/td><td><strong>Vice-champion N2 &#8211; Mont\u00e9e en N1<\/strong><\/td><\/tr><tr><td><\/td><td class=\"has-text-align-center\" data-align=\"center\">2<\/td><td>3\u00e8me\/7 R1 &#8211; <strong>Esprit du Jeu<\/strong><\/td><\/tr><tr><td>2008-2009<\/td><td class=\"has-text-align-center\" data-align=\"center\">1<\/td><td>11\u00e8me\/12 &#8211; Descente en N2<\/td><\/tr><tr><td><\/td><td class=\"has-text-align-center\" data-align=\"center\">2<\/td><td><strong>Champion R1<\/strong><\/td><\/tr><tr><td><\/td><td class=\"has-text-align-center\" data-align=\"center\"> Coupe I-d-F<\/td><td>4\u00e8me\/8 &#8211; <strong>Esprit du Jeu<\/strong><\/td><\/tr><tr><td><\/td><td class=\"has-text-align-center\" data-align=\"center\">Flep Cup<\/td><td><strong>Champion<\/strong><\/td><\/tr><tr><td>2007-2008<\/td><td class=\"has-text-align-center\" data-align=\"center\">1<\/td><td>8\u00e8me de France<\/td><\/tr><tr><td><\/td><td class=\"has-text-align-center\" data-align=\"center\">2<\/td><td>Vice-champion R\u00e9gional A<\/td><\/tr><tr><td><\/td><td class=\"has-text-align-center\" data-align=\"center\">Coupe I-d-F<\/td><td>5\u00e8me\/8<\/td><\/tr><tr><td><\/td><td class=\"has-text-align-center\" data-align=\"center\">Zeropen<\/td><td>3\u00e8me\/9<\/td><\/tr><tr><td>2006-2007<\/td><td class=\"has-text-align-center\" data-align=\"center\">1<\/td><td><strong>Vice-champion N2 &#8211; Mont\u00e9e en N1<\/strong><\/td><\/tr><tr><td><\/td><td class=\"has-text-align-center\" data-align=\"center\">Tsunamixte<\/td><td>11\u00e8me\/16<\/td><\/tr><tr><td>2005-2006<\/td><td class=\"has-text-align-center\" data-align=\"center\"><\/td><td><strong>Vice-champion N3 &#8211; Mont\u00e9e en N2<\/strong><\/td><\/tr><tr><td><\/td><td class=\"has-text-align-center\" data-align=\"center\"> Coupe I-d-F <\/td><td>6\u00e8me\/12<\/td><\/tr><tr><td><\/td><td class=\"has-text-align-center\" data-align=\"center\">Flep Cup<\/td><td>5\u00e8me\/12<\/td><\/tr><tr><td><\/td><td class=\"has-text-align-center\" data-align=\"center\">Tsunamixte<\/td><td>6\u00e8me et 7\u00e8me \/10<\/td><\/tr><tr><td>2004-2005<\/td><td class=\"has-text-align-center\" data-align=\"center\"><\/td><td><strong>Vice-champion de R\u00e9gional B &#8211; mont\u00e9e en N3<\/strong><\/td><\/tr><tr><td><\/td><td class=\"has-text-align-center\" data-align=\"center\">Zeropen<\/td><td>5\u00e8me\/8<\/td><\/tr><tr><td><\/td><td class=\"has-text-align-center\" data-align=\"center\">Flep Cup<\/td><td>4\u00e8me\/12<\/td><\/tr><\/tbody><\/table><\/figure>\n\n\n\n<h2 class=\"wp-block-heading\" id=\"feminine\">F\u00e9minine<\/h2>\n\n\n\n<figure class=\"wp-block-table is-style-stripes\"><table><thead><tr><th>Saison<\/th><th>R\u00e9sultat<\/th><\/tr><\/thead><tbody><tr><td>2025-2026<\/td><td>6\u00e8me de N1 &#8211; Maintien<\/td><\/tr><tr><td>2024-2025<\/td><td>5\u00e8me de France (meilleure performance)<\/td><\/tr><tr><td>2023-2024<\/td><td><strong>Vice-Championne Challenger<\/strong><\/td><\/tr><tr><td>2022-2023<\/td><td>8\u00e8me N1 \u00e9lite, descente en challenger<\/td><\/tr><tr><td>2021-2022<\/td><td><strong>Championne N1 challenger &#8211; mont\u00e9e en N1 \u00c9lite<\/strong><\/td><\/tr><tr><td>2019-2020<\/td><td>7\u00e8me de France<\/td><\/tr><tr><td><\/td><td><strong>Vice-championne \u00cele-de-France<\/strong><\/td><\/tr><\/tbody><\/table><\/figure>\n\n\n\n<h2 class=\"wp-block-heading\" id=\"junior\">Junior<\/h2>\n\n\n\n<h4 class=\"wp-block-heading\" id=\"u20\">U20<\/h4>\n\n\n\n<figure class=\"wp-block-table is-style-stripes\"><table><thead><tr><th>Saison<\/th><th>Cat\u00e9gorie<\/th><th>R\u00e9sultat<\/th><\/tr><\/thead><tbody><tr><td>2025-2026<\/td><td>Open<\/td><td><strong>Champion \u00cele-de-France<\/strong><\/td><\/tr><tr><td><\/td><td>Mixte<\/td><td><strong>Vice-Champion \u00cele-de-France<\/strong><\/td><\/tr><tr><td><\/td><td>F\u00e9minine<\/td><td>6\u00e8me\/6 coupe de France<\/td><\/tr><tr><td><\/td><td>Open<\/td><td><strong>Vice-Champion de France<\/strong><\/td><\/tr><tr><td>2024-2025<\/td><td>Open<\/td><td>5\u00e8me de France<\/td><\/tr><tr><td><\/td><td>Mixte<\/td><td>4\u00e8me \u00cele-de-France<\/td><\/tr><tr><td><\/td><td>Open<\/td><td><strong>3\u00e8me \u00cele-de-France<\/strong><\/td><\/tr><tr><td>2023-2024<\/td><td>Open<\/td><td><strong>Vice-Champion de France<\/strong><\/td><\/tr><tr><td><\/td><td>Mixte<\/td><td><strong>Champion \u00cele-de-France<\/strong><\/td><\/tr><tr><td><\/td><td>Open<\/td><td><strong>Vice-Champion \u00cele-de-France et Esprit du Jeu<\/strong><\/td><\/tr><tr><td><\/td><td>Mixte<\/td><td><strong>Vice-Champion de France<\/strong><\/td><\/tr><tr><td>2022-2023<\/td><td>Open<\/td><td><strong>3\u00e8me de France<\/strong><\/td><\/tr><tr><td><\/td><td>Mixte<\/td><td><strong>3\u00e8me de France<\/strong><\/td><\/tr><tr><td><\/td><td>Open<\/td><td><strong>Champion \u00cele-de-France<\/strong><\/td><\/tr><tr><td><\/td><td>Mixte<\/td><td><strong>Champion \u00cele-de-France<\/strong><\/td><\/tr><tr><td>2021-2022<\/td><td>Open<\/td><td>8\u00e8me\/12 \u00e0 la Coupe de France<\/td><\/tr><tr><td><\/td><td>Open<\/td><td><strong>3\u00e8me \u00cele-de-France<\/strong><\/td><\/tr><tr><td><\/td><td>Mixte<\/td><td>5\u00e8me\/7 \u00cele-de-France<\/td><\/tr><tr><td>2018-2019<\/td><td>Mixte<\/td><td><strong>Vice-champion<\/strong><\/td><\/tr><tr><td>2017-2018<\/td><td>Open<\/td><td><strong>Champion de France<\/strong><\/td><\/tr><tr><td><\/td><td>Mixte<\/td><td><strong>Champion de France<\/strong> <\/td><\/tr><tr><td><\/td><td>F\u00e9minine<\/td><td>6\u00e8me \u00e0 la Coupe de France<\/td><\/tr><tr><td>2016-2017<\/td><td>Open<\/td><td><strong>Champion de France<\/strong><\/td><\/tr><tr><td>2014-2015<\/td><td>Open<\/td><td>7\u00e8me\/11 \u00e0 la Coupe de France<\/td><\/tr><\/tbody><\/table><\/figure>\n\n\n\n<h4 class=\"wp-block-heading\" id=\"u17\">U17<\/h4>\n\n\n\n<figure class=\"wp-block-table is-style-stripes\"><table><thead><tr><th>Saison<\/th><th>Cat\u00e9gorie<\/th><th>R\u00e9sultat<\/th><\/tr><\/thead><tbody><tr><td>2025-2026<\/td><td>Mixte<\/td><td>7\u00e8me Coupe \u00cele-de-France<\/td><\/tr><tr><td><\/td><td><\/td><td><\/td><\/tr><tr><td>2024-2025<\/td><td>Mixte<\/td><td>4\u00e8me \u00cele-de-France<\/td><\/tr><tr><td>2023-2024<\/td><td>Mixte<\/td><td><strong>3\u00e8me \u00cele-de-France<\/strong><\/td><\/tr><tr><td><\/td><td>Mixte<\/td><td>5\u00e8me de France<\/td><\/tr><tr><td><\/td><td>F\u00e9minin<\/td><td>4\u00e8me\/5 Coupe de France 4vs4<\/td><\/tr><tr><td>2022-2023<\/td><td>Open<\/td><td><strong>3\u00e8me de France<\/strong><\/td><\/tr><tr><td><\/td><td>Mixte<\/td><td><strong>Vice-champion de France<\/strong><\/td><\/tr><tr><td><\/td><td>Open<\/td><td><strong>Vice-champion \u00cele-de-France<\/strong><\/td><\/tr><tr><td><\/td><td>Mixte<\/td><td><strong>3\u00e8me \u00cele-de-France<\/strong><\/td><\/tr><tr><td>2021-2022<\/td><td>Open<\/td><td><strong>Champion de France<\/strong><\/td><\/tr><tr><td><\/td><td>Mixte<\/td><td><strong>3\u00e8me\/8 Coupe de France<\/strong><\/td><\/tr><tr><td><\/td><td>Open<\/td><td><strong>Champion \u00cele-de-France et Fair-Play<\/strong><\/td><\/tr><tr><td><\/td><td>Mixte<\/td><td><strong>Vice-champion \u00cele-de-France et Fair-Play<\/strong><\/td><\/tr><tr><td>2019-2020<\/td><td>Open<\/td><td>9\u00e8me\/16 Coupe de France<\/td><\/tr><tr><td><\/td><td>Open<\/td><td>4\u00e8me\/9 Coupe \u00cele-de-France<\/td><\/tr><tr><td>2018-2019<\/td><td>Open<\/td><td>6\u00e8me\/16 Coupe de France<\/td><\/tr><tr><td><\/td><td>Open<\/td><td> <strong>Vice-champion Coupe \u00cele-de-France<\/strong> <\/td><\/tr><tr><td>2017-2018<\/td><td>Open<\/td><td>13\u00e8me\/16 Coupe de France<\/td><\/tr><tr><td><\/td><td>Open<\/td><td> <strong>Vice-champion Coupe \u00cele-de-France<\/strong> <\/td><\/tr><tr><td>2016-2017<\/td><td>Mixte<\/td><td><strong>3\u00e8me\/16 Coupe de France<\/strong><\/td><\/tr><tr><td><\/td><td>Open<\/td><td><strong>Vice-champion Coupe \u00cele-de-France<\/strong><\/td><\/tr><tr><td>2015-2016<\/td><td>Open<\/td><td>11\u00e8me\/15 Coupe de France<\/td><\/tr><tr><td><\/td><td>Open<\/td><td>3\u00e8me\/4 Coupe \u00cele-de-France<\/td><\/tr><tr><td>2014-2015<\/td><td>Open<\/td><td><strong>Vice-champion Coupe de France<\/strong><\/td><\/tr><\/tbody><\/table><\/figure>\n\n\n\n<h4 class=\"wp-block-heading\" id=\"u15\">U15<\/h4>\n\n\n\n<figure class=\"wp-block-table is-style-stripes\"><table><thead><tr><th>Saison<\/th><th>Cat\u00e9gorie<\/th><th>R\u00e9sultat<\/th><\/tr><\/thead><tbody><tr><td>2025-2026<\/td><td>Open<\/td><td>5\u00e8me et 11\u00e8me \u00cele-de-France<\/td><\/tr><tr><td><\/td><td>Mixte<\/td><td>3\u00e8me Coupe \u00eele-de-France<\/td><\/tr><tr><td>2024-2025<\/td><td>Open<\/td><td>\u00e9quipe 1 : 5\u00e8me \u00cele-de-France<\/td><\/tr><tr><td><\/td><td>Open<\/td><td>\u00e9quipe 2 : 7\u00e8me \u00cele-de-France &#8211; <strong>Esprit du Jeu<\/strong><\/td><\/tr><tr><td>2023-2024<\/td><td>Open<\/td><td><strong>3\u00e8me Coupe \u00cele-de-France<\/strong><\/td><\/tr><tr><td><\/td><td>Open<\/td><td>10\u00e8me\/16 Coupe de France<\/td><\/tr><tr><td>2022-2023<\/td><td>Open<\/td><td>10\u00e8me Coupe \u00cele-de-France<\/td><\/tr><tr><td>2021-2022<\/td><td>Open<\/td><td>10\u00e8me\/12 Coupe de France<\/td><\/tr><tr><td><\/td><td>Open<\/td><td>4\u00e8me\/8 Coupe \u00cele-de-France<\/td><\/tr><tr><td>2019-2020<\/td><td>Open<\/td><td>5\u00e8me\/10 Coupe \u00cele-de-France<\/td><\/tr><tr><td>2018-2019<\/td><td>Open<\/td><td><strong>3\u00e8me\/16 Coupe de France<\/strong><\/td><\/tr><tr><td><\/td><td>Open<\/td><td>3\u00e8me\/8 Coupe d&rsquo;\u00cele-de-France<\/td><\/tr><tr><td>2017-2018<\/td><td>Open<\/td><td>13\u00e8me\/16 Coupe de France<\/td><\/tr><tr><td><\/td><td>Open<\/td><td> 3\u00e8me\/8 Coupe d&rsquo;\u00cele-de-France<\/td><\/tr><tr><td>2016-2017<\/td><td>Open<\/td><td>5\u00e8me\/16 Coupe de France<\/td><\/tr><tr><td><\/td><td>Open<\/td><td><strong>Vice-champion Coupe \u00cele-de-France<\/strong><\/td><\/tr><tr><td>2015-2016<\/td><td>Open<\/td><td>12\u00e8me\/18 Coupe de France<\/td><\/tr><tr><td><\/td><td>Open<\/td><td> 3\u00e8me\/4 Coupe \u00cele-de-France &#8211; <strong>Esprit du Jeu<\/strong> <\/td><\/tr><\/tbody><\/table><\/figure>\n\n\n\n<h4 class=\"wp-block-heading\" id=\"u13\">U13<\/h4>\n\n\n\n<figure class=\"wp-block-table is-style-stripes\"><table><thead><tr><th>Saison<\/th><th>Cat\u00e9gorie<\/th><th>R\u00e9sultat<\/th><\/tr><\/thead><tbody><tr><td>2023-2024<\/td><td>Open<\/td><td><strong>Champion \u00cele-de-France et Esprit du Jeu<\/strong><\/td><\/tr><tr><td><\/td><td>Open<\/td><td><strong>3\u00e8me de France<\/strong><\/td><\/tr><tr><td>2022-2023<\/td><td>Open<\/td><td>5\u00e8me de France<\/td><\/tr><tr><td><\/td><td>Open<\/td><td><strong>3\u00e8me \u00cele-de-France<\/strong><\/td><\/tr><tr><td>2021-2022<\/td><td>Open<\/td><td>8\u00e8me\/8 Coupe de France<\/td><\/tr><tr><td><\/td><td>Open<\/td><td><strong>3\u00e8me<\/strong> <strong>Coupe \u00cele-de-France<\/strong><\/td><\/tr><tr><td>2019-2020<\/td><td>Open<\/td><td>7\u00e8me\/16 Coupe de France &#8211; <strong>Esprit du Jeu<\/strong><\/td><\/tr><tr><td><\/td><td>Open<\/td><td><strong>Champion Coupe \u00cele-de-France<\/strong><\/td><\/tr><tr><td>2018-2019<\/td><td>Open<\/td><td><strong>Vice-champion Coupe de France<\/strong> <\/td><\/tr><tr><td><\/td><td>Open<\/td><td><strong>Champion Coupe \u00cele-de-France<\/strong> <\/td><\/tr><tr><td>2017-2018<\/td><td>Open<\/td><td>4\u00e8me Coupe de France &#8211; <strong>Esprit du Jeu<\/strong><\/td><\/tr><tr><td><\/td><td>Open<\/td><td>3\u00e8me\/7 Coupe d&rsquo;\u00cele-de-France<\/td><\/tr><tr><td>2016-2017<\/td><td>Open<\/td><td>8\u00e8me Coupe de France<\/td><\/tr><tr><td><\/td><td>Open<\/td><td><strong>Champion Coupe \u00cele-de-France<\/strong><\/td><\/tr><tr><td>2015-2016<\/td><td>Open<\/td><td>6\u00e8me\/8 Coupe de France<\/td><\/tr><tr><td><\/td><td>Open<\/td><td>2\u00e8me\/4 Coupe \u00cele-de-France &#8211; <strong>Esprit du Jeu<\/strong> <\/td><\/tr><tr><td>2014-2015<\/td><td>Open<\/td><td>9\u00e8me\/11 Coupe de France<\/td><\/tr><\/tbody><\/table><\/figure>\n\n\n\n<p><\/p>\n","protected":false},"excerpt":{"rendered":"<div class=\"mh-excerpt\"><p>Mixte Saison Tournoi \u00c9quipe R\u00e9sultat 2025-2026 Tsunamixte 2026 Tsunapafinidrire Champion Abitbol 19\u00e8me Tsupachups 29\u00e8me 2024-2025 Tsunamixte 2025 Tsunapafinidrire Champion Abitbol 14\u00e8me Tsupides 20\u00e8me Tsupachups 28\u00e8me <a class=\"mh-excerpt-more\" href=\"https:\/\/tsunamiduloing.fr\/?page_id=84\" title=\"Indoor\">[&#8230;]<\/a><\/p>\n<\/div>","protected":false},"author":1,"featured_media":0,"parent":0,"menu_order":0,"comment_status":"closed","ping_status":"closed","template":"","meta":{"footnotes":""},"class_list":["post-84","page","type-page","status-publish","hentry"],"_links":{"self":[{"href":"https:\/\/tsunamiduloing.fr\/index.php?rest_route=\/wp\/v2\/pages\/84","targetHints":{"allow":["GET"]}}],"collection":[{"href":"https:\/\/tsunamiduloing.fr\/index.php?rest_route=\/wp\/v2\/pages"}],"about":[{"href":"https:\/\/tsunamiduloing.fr\/index.php?rest_route=\/wp\/v2\/types\/page"}],"author":[{"embeddable":true,"href":"https:\/\/tsunamiduloing.fr\/index.php?rest_route=\/wp\/v2\/users\/1"}],"replies":[{"embeddable":true,"href":"https:\/\/tsunamiduloing.fr\/index.php?rest_route=%2Fwp%2Fv2%2Fcomments&post=84"}],"version-history":[{"count":49,"href":"https:\/\/tsunamiduloing.fr\/index.php?rest_route=\/wp\/v2\/pages\/84\/revisions"}],"predecessor-version":[{"id":3072,"href":"https:\/\/tsunamiduloing.fr\/index.php?rest_route=\/wp\/v2\/pages\/84\/revisions\/3072"}],"wp:attachment":[{"href":"https:\/\/tsunamiduloing.fr\/index.php?rest_route=%2Fwp%2Fv2%2Fmedia&parent=84"}],"curies":[{"name":"wp","href":"https:\/\/api.w.org\/{rel}","templated":true}]}}